{"id":28303,"date":"2025-01-03T12:54:10","date_gmt":"2025-01-03T11:54:10","guid":{"rendered":"http:\/\/ultralimited.it\/?post_type=product&#038;p=28303"},"modified":"2025-01-15T14:44:47","modified_gmt":"2025-01-15T13:44:47","slug":"mantova","status":"publish","type":"product","link":"https:\/\/ultralimited.it\/de\/damen\/mantova\/","title":{"rendered":"Mantova"},"content":{"rendered":"<p>Damenbrille Ultra Limited Mantova: ein handwerkliches Meisterst\u00fcck, das die Vorz\u00fcge des Eyewear-Distrikts um Belluno mit hochmodernen Technologien verbindet. Die unregelm\u00e4\u00dfige Form der Fassung sorgt f\u00fcr einen originellen Akzent. So wird jede Brille zu einem exklusiven, erlesenen Accessoire. Die Brille wird von Hand aus 12 Celluloseacetatfolien hergestellt. Der Verarbeitungsprozess dauert \u00fcber 41 Tage und umfasst die Auswahl, das Verkleben, Aush\u00e4rten, Pressen, Brennen, Schneiden, Schleifen, Feinschleifen und Polieren. Die aufeinander abgestimmten Folien veredeln die obere und untere Au\u00dfenseite und verleihen der Brille ein markantes Detail. Erh\u00e4ltlich in Wei\u00df, Blau, Havana und Schwarz \u2013 jede Brille ist einzigartig. Mehr \u00fcber das Modell Mantova von Ultra Limited, ein wahres Beispiel der Exklusivit\u00e4t.<\/p>\n","protected":false},"excerpt":{"rendered":"<p>Damenbrille Ultra Limited Mantova: ein handwerkliches Meisterst\u00fcck, das die Vorz\u00fcge des Eyewear-Distrikts um Belluno mit hochmodernen Technologien verbindet. Die unregelm\u00e4\u00dfige Form der Fassung sorgt f\u00fcr einen originellen Akzent. So wird jede Brille zu einem exklusiven, erlesenen Accessoire. Die Brille wird von Hand aus 12 Celluloseacetatfolien hergestellt. Der Verarbeitungsprozess dauert \u00fcber 41 Tage und umfasst die <a href=\"https:\/\/ultralimited.it\/de\/damen\/mantova\/\" class=\"more-link\">&#8230;<\/a><\/p>\n","protected":false},"featured_media":28657,"template":"","meta":{"_acf_changed":false},"product_brand":[],"product_cat":[128,123,120],"class_list":{"0":"post-28303","1":"product","2":"type-product","3":"status-publish","4":"has-post-thumbnail","6":"product_cat-brille","7":"product_cat-brillen","8":"product_cat-damen","10":"first","11":"instock","12":"shipping-taxable","13":"product-type-variable"},"acf":[],"yoast_head":"<!-- This site is optimized with the Yoast SEO plugin v26.4 - https:\/\/yoast.com\/wordpress\/plugins\/seo\/ -->\n<title>Mantova - Ultra Limited<\/title>\n<meta name=\"robots\" content=\"index, follow, max-snippet:-1, max-image-preview:large, max-video-preview:-1\" \/>\n<link rel=\"canonical\" href=\"https:\/\/ultralimited.it\/de\/damen\/mantova\/\" \/>\n<meta property=\"og:locale\" content=\"de_DE\" \/>\n<meta property=\"og:type\" content=\"article\" \/>\n<meta property=\"og:title\" content=\"Mantova - Ultra Limited\" \/>\n<meta property=\"og:description\" content=\"Damenbrille Ultra Limited Mantova: ein handwerkliches Meisterst\u00fcck, das die Vorz\u00fcge des Eyewear-Distrikts um Belluno mit hochmodernen Technologien verbindet. Die unregelm\u00e4\u00dfige Form der Fassung sorgt f\u00fcr einen originellen Akzent. So wird jede Brille zu einem exklusiven, erlesenen Accessoire. Die Brille wird von Hand aus 12 Celluloseacetatfolien hergestellt. Der Verarbeitungsprozess dauert \u00fcber 41 Tage und umfasst die ...\" \/>\n<meta property=\"og:url\" content=\"https:\/\/ultralimited.it\/de\/damen\/mantova\/\" \/>\n<meta property=\"og:site_name\" content=\"Ultra Limited\" \/>\n<meta property=\"article:modified_time\" content=\"2025-01-15T13:44:47+00:00\" \/>\n<meta property=\"og:image\" content=\"https:\/\/ultralimited.it\/wp-content\/uploads\/2025\/01\/MANTOVA-V-F-HAVANA.jpg\" \/>\n\t<meta property=\"og:image:width\" content=\"1600\" \/>\n\t<meta property=\"og:image:height\" content=\"1200\" \/>\n\t<meta property=\"og:image:type\" content=\"image\/jpeg\" \/>\n<meta name=\"twitter:card\" content=\"summary_large_image\" \/>\n<meta name=\"twitter:label1\" content=\"Gesch\u00e4tzte Lesezeit\" \/>\n\t<meta name=\"twitter:data1\" content=\"1\u00a0Minute\" \/>\n<script type=\"application\/ld+json\" class=\"yoast-schema-graph\">{\"@context\":\"https:\/\/schema.org\",\"@graph\":[{\"@type\":\"WebPage\",\"@id\":\"https:\/\/ultralimited.it\/de\/damen\/mantova\/\",\"url\":\"https:\/\/ultralimited.it\/de\/damen\/mantova\/\",\"name\":\"Mantova - Ultra Limited\",\"isPartOf\":{\"@id\":\"https:\/\/ultralimited.it\/en\/#website\"},\"primaryImageOfPage\":{\"@id\":\"https:\/\/ultralimited.it\/de\/damen\/mantova\/#primaryimage\"},\"image\":{\"@id\":\"https:\/\/ultralimited.it\/de\/damen\/mantova\/#primaryimage\"},\"thumbnailUrl\":\"https:\/\/ultralimited.it\/wp-content\/uploads\/2025\/01\/MANTOVA-V-F-HAVANA.jpg\",\"datePublished\":\"2025-01-03T11:54:10+00:00\",\"dateModified\":\"2025-01-15T13:44:47+00:00\",\"breadcrumb\":{\"@id\":\"https:\/\/ultralimited.it\/de\/damen\/mantova\/#breadcrumb\"},\"inLanguage\":\"de\",\"potentialAction\":[{\"@type\":\"ReadAction\",\"target\":[\"https:\/\/ultralimited.it\/de\/damen\/mantova\/\"]}]},{\"@type\":\"ImageObject\",\"inLanguage\":\"de\",\"@id\":\"https:\/\/ultralimited.it\/de\/damen\/mantova\/#primaryimage\",\"url\":\"https:\/\/ultralimited.it\/wp-content\/uploads\/2025\/01\/MANTOVA-V-F-HAVANA.jpg\",\"contentUrl\":\"https:\/\/ultralimited.it\/wp-content\/uploads\/2025\/01\/MANTOVA-V-F-HAVANA.jpg\",\"width\":1600,\"height\":1200},{\"@type\":\"BreadcrumbList\",\"@id\":\"https:\/\/ultralimited.it\/de\/damen\/mantova\/#breadcrumb\",\"itemListElement\":[{\"@type\":\"ListItem\",\"position\":1,\"name\":\"Home\",\"item\":\"https:\/\/ultralimited.it\/de\/\"},{\"@type\":\"ListItem\",\"position\":2,\"name\":\"Mantova\"}]},{\"@type\":\"WebSite\",\"@id\":\"https:\/\/ultralimited.it\/en\/#website\",\"url\":\"https:\/\/ultralimited.it\/en\/\",\"name\":\"Ultra Limited\",\"description\":\"\",\"potentialAction\":[{\"@type\":\"SearchAction\",\"target\":{\"@type\":\"EntryPoint\",\"urlTemplate\":\"https:\/\/ultralimited.it\/en\/?s={search_term_string}\"},\"query-input\":{\"@type\":\"PropertyValueSpecification\",\"valueRequired\":true,\"valueName\":\"search_term_string\"}}],\"inLanguage\":\"de\"}]}<\/script>\n<!-- \/ Yoast SEO plugin. -->","yoast_head_json":{"title":"Mantova - Ultra Limited","robots":{"index":"index","follow":"follow","max-snippet":"max-snippet:-1","max-image-preview":"max-image-preview:large","max-video-preview":"max-video-preview:-1"},"canonical":"https:\/\/ultralimited.it\/de\/damen\/mantova\/","og_locale":"de_DE","og_type":"article","og_title":"Mantova - Ultra Limited","og_description":"Damenbrille Ultra Limited Mantova: ein handwerkliches Meisterst\u00fcck, das die Vorz\u00fcge des Eyewear-Distrikts um Belluno mit hochmodernen Technologien verbindet. Die unregelm\u00e4\u00dfige Form der Fassung sorgt f\u00fcr einen originellen Akzent. So wird jede Brille zu einem exklusiven, erlesenen Accessoire. Die Brille wird von Hand aus 12 Celluloseacetatfolien hergestellt. Der Verarbeitungsprozess dauert \u00fcber 41 Tage und umfasst die ...","og_url":"https:\/\/ultralimited.it\/de\/damen\/mantova\/","og_site_name":"Ultra Limited","article_modified_time":"2025-01-15T13:44:47+00:00","og_image":[{"width":1600,"height":1200,"url":"https:\/\/ultralimited.it\/wp-content\/uploads\/2025\/01\/MANTOVA-V-F-HAVANA.jpg","type":"image\/jpeg"}],"twitter_card":"summary_large_image","twitter_misc":{"Gesch\u00e4tzte Lesezeit":"1\u00a0Minute"},"schema":{"@context":"https:\/\/schema.org","@graph":[{"@type":"WebPage","@id":"https:\/\/ultralimited.it\/de\/damen\/mantova\/","url":"https:\/\/ultralimited.it\/de\/damen\/mantova\/","name":"Mantova - Ultra Limited","isPartOf":{"@id":"https:\/\/ultralimited.it\/en\/#website"},"primaryImageOfPage":{"@id":"https:\/\/ultralimited.it\/de\/damen\/mantova\/#primaryimage"},"image":{"@id":"https:\/\/ultralimited.it\/de\/damen\/mantova\/#primaryimage"},"thumbnailUrl":"https:\/\/ultralimited.it\/wp-content\/uploads\/2025\/01\/MANTOVA-V-F-HAVANA.jpg","datePublished":"2025-01-03T11:54:10+00:00","dateModified":"2025-01-15T13:44:47+00:00","breadcrumb":{"@id":"https:\/\/ultralimited.it\/de\/damen\/mantova\/#breadcrumb"},"inLanguage":"de","potentialAction":[{"@type":"ReadAction","target":["https:\/\/ultralimited.it\/de\/damen\/mantova\/"]}]},{"@type":"ImageObject","inLanguage":"de","@id":"https:\/\/ultralimited.it\/de\/damen\/mantova\/#primaryimage","url":"https:\/\/ultralimited.it\/wp-content\/uploads\/2025\/01\/MANTOVA-V-F-HAVANA.jpg","contentUrl":"https:\/\/ultralimited.it\/wp-content\/uploads\/2025\/01\/MANTOVA-V-F-HAVANA.jpg","width":1600,"height":1200},{"@type":"BreadcrumbList","@id":"https:\/\/ultralimited.it\/de\/damen\/mantova\/#breadcrumb","itemListElement":[{"@type":"ListItem","position":1,"name":"Home","item":"https:\/\/ultralimited.it\/de\/"},{"@type":"ListItem","position":2,"name":"Mantova"}]},{"@type":"WebSite","@id":"https:\/\/ultralimited.it\/en\/#website","url":"https:\/\/ultralimited.it\/en\/","name":"Ultra Limited","description":"","potentialAction":[{"@type":"SearchAction","target":{"@type":"EntryPoint","urlTemplate":"https:\/\/ultralimited.it\/en\/?s={search_term_string}"},"query-input":{"@type":"PropertyValueSpecification","valueRequired":true,"valueName":"search_term_string"}}],"inLanguage":"de"}]}},"_links":{"self":[{"href":"https:\/\/ultralimited.it\/de\/wp-json\/wp\/v2\/product\/28303","targetHints":{"allow":["GET"]}}],"collection":[{"href":"https:\/\/ultralimited.it\/de\/wp-json\/wp\/v2\/product"}],"about":[{"href":"https:\/\/ultralimited.it\/de\/wp-json\/wp\/v2\/types\/product"}],"wp:featuredmedia":[{"embeddable":true,"href":"https:\/\/ultralimited.it\/de\/wp-json\/wp\/v2\/media\/28657"}],"wp:attachment":[{"href":"https:\/\/ultralimited.it\/de\/wp-json\/wp\/v2\/media?parent=28303"}],"wp:term":[{"taxonomy":"product_brand","embeddable":true,"href":"https:\/\/ultralimited.it\/de\/wp-json\/wp\/v2\/product_brand?post=28303"},{"taxonomy":"product_cat","embeddable":true,"href":"https:\/\/ultralimited.it\/de\/wp-json\/wp\/v2\/product_cat?post=28303"}],"curies":[{"name":"wp","href":"https:\/\/api.w.org\/{rel}","templated":true}]}}