{"id":28212,"date":"2025-01-03T12:42:11","date_gmt":"2025-01-03T11:42:11","guid":{"rendered":"http:\/\/ultralimited.it\/?post_type=product&#038;p=28212"},"modified":"2025-01-15T14:36:32","modified_gmt":"2025-01-15T13:36:32","slug":"lecco","status":"publish","type":"product","link":"https:\/\/ultralimited.it\/de\/brillen\/lecco\/","title":{"rendered":"Lecco"},"content":{"rendered":"<p>Herrenbrille Ultra Limited Lecco: ein handwerkliches Meisterst\u00fcck, das die Tradition des Distrikts um Belluno mit modernen Technologien verbindet. Jede Brille wird handgefertigt aus 12 Celluloseacetatfolien, die in einem Prozess, der \u00fcber 41 Tage dauert, verarbeitet werden. Die kantige Form verleiht ihr einen entschlossenen, zeitgem\u00e4\u00dfen Look, der zu allen passt, die auf Eleganz und Stil setzen. Erh\u00e4ltlich in den Farben Wei\u00df, Blau, Havana und Schwarz geb\u00fcrstet \u2013 diese Brille ist ein Symbol f\u00fcr Qualit\u00e4t und Handwerkskunst. Dank der Pr\u00e4zision der Verarbeitung ist jede Fassung einzigartig. Mehr \u00fcber das Modell Lecco von Ultra Limited, das perfekte Gleichgewicht aus Tradition und Innovation.<\/p>\n","protected":false},"excerpt":{"rendered":"<p>Herrenbrille Ultra Limited Lecco: ein handwerkliches Meisterst\u00fcck, das die Tradition des Distrikts um Belluno mit modernen Technologien verbindet. Jede Brille wird handgefertigt aus 12 Celluloseacetatfolien, die in einem Prozess, der \u00fcber 41 Tage dauert, verarbeitet werden. Die kantige Form verleiht ihr einen entschlossenen, zeitgem\u00e4\u00dfen Look, der zu allen passt, die auf Eleganz und Stil setzen. <a href=\"https:\/\/ultralimited.it\/de\/brillen\/lecco\/\" class=\"more-link\">&#8230;<\/a><\/p>\n","protected":false},"featured_media":28627,"template":"","meta":{"_acf_changed":false},"product_brand":[],"product_cat":[128,123,130],"class_list":{"0":"post-28212","1":"product","2":"type-product","3":"status-publish","4":"has-post-thumbnail","6":"product_cat-brille","7":"product_cat-brillen","8":"product_cat-herren","10":"first","11":"instock","12":"shipping-taxable","13":"product-type-variable"},"acf":[],"yoast_head":"<!-- This site is optimized with the Yoast SEO plugin v26.4 - https:\/\/yoast.com\/wordpress\/plugins\/seo\/ -->\n<title>Lecco - Ultra Limited<\/title>\n<meta name=\"robots\" content=\"index, follow, max-snippet:-1, max-image-preview:large, max-video-preview:-1\" \/>\n<link rel=\"canonical\" href=\"https:\/\/ultralimited.it\/de\/brillen\/lecco\/\" \/>\n<meta property=\"og:locale\" content=\"de_DE\" \/>\n<meta property=\"og:type\" content=\"article\" \/>\n<meta property=\"og:title\" content=\"Lecco - Ultra Limited\" \/>\n<meta property=\"og:description\" content=\"Herrenbrille Ultra Limited Lecco: ein handwerkliches Meisterst\u00fcck, das die Tradition des Distrikts um Belluno mit modernen Technologien verbindet. Jede Brille wird handgefertigt aus 12 Celluloseacetatfolien, die in einem Prozess, der \u00fcber 41 Tage dauert, verarbeitet werden. Die kantige Form verleiht ihr einen entschlossenen, zeitgem\u00e4\u00dfen Look, der zu allen passt, die auf Eleganz und Stil setzen. ...\" \/>\n<meta property=\"og:url\" content=\"https:\/\/ultralimited.it\/de\/brillen\/lecco\/\" \/>\n<meta property=\"og:site_name\" content=\"Ultra Limited\" \/>\n<meta property=\"article:modified_time\" content=\"2025-01-15T13:36:32+00:00\" \/>\n<meta property=\"og:image\" content=\"https:\/\/ultralimited.it\/wp-content\/uploads\/2025\/01\/LECCO-V-F-BIANCO.jpg\" \/>\n\t<meta property=\"og:image:width\" content=\"1600\" \/>\n\t<meta property=\"og:image:height\" content=\"1200\" \/>\n\t<meta property=\"og:image:type\" content=\"image\/jpeg\" \/>\n<meta name=\"twitter:card\" content=\"summary_large_image\" \/>\n<meta name=\"twitter:label1\" content=\"Gesch\u00e4tzte Lesezeit\" \/>\n\t<meta name=\"twitter:data1\" content=\"1\u00a0Minute\" \/>\n<script type=\"application\/ld+json\" class=\"yoast-schema-graph\">{\"@context\":\"https:\/\/schema.org\",\"@graph\":[{\"@type\":\"WebPage\",\"@id\":\"https:\/\/ultralimited.it\/de\/brillen\/lecco\/\",\"url\":\"https:\/\/ultralimited.it\/de\/brillen\/lecco\/\",\"name\":\"Lecco - Ultra Limited\",\"isPartOf\":{\"@id\":\"https:\/\/ultralimited.it\/en\/#website\"},\"primaryImageOfPage\":{\"@id\":\"https:\/\/ultralimited.it\/de\/brillen\/lecco\/#primaryimage\"},\"image\":{\"@id\":\"https:\/\/ultralimited.it\/de\/brillen\/lecco\/#primaryimage\"},\"thumbnailUrl\":\"https:\/\/ultralimited.it\/wp-content\/uploads\/2025\/01\/LECCO-V-F-BIANCO.jpg\",\"datePublished\":\"2025-01-03T11:42:11+00:00\",\"dateModified\":\"2025-01-15T13:36:32+00:00\",\"breadcrumb\":{\"@id\":\"https:\/\/ultralimited.it\/de\/brillen\/lecco\/#breadcrumb\"},\"inLanguage\":\"de\",\"potentialAction\":[{\"@type\":\"ReadAction\",\"target\":[\"https:\/\/ultralimited.it\/de\/brillen\/lecco\/\"]}]},{\"@type\":\"ImageObject\",\"inLanguage\":\"de\",\"@id\":\"https:\/\/ultralimited.it\/de\/brillen\/lecco\/#primaryimage\",\"url\":\"https:\/\/ultralimited.it\/wp-content\/uploads\/2025\/01\/LECCO-V-F-BIANCO.jpg\",\"contentUrl\":\"https:\/\/ultralimited.it\/wp-content\/uploads\/2025\/01\/LECCO-V-F-BIANCO.jpg\",\"width\":1600,\"height\":1200},{\"@type\":\"BreadcrumbList\",\"@id\":\"https:\/\/ultralimited.it\/de\/brillen\/lecco\/#breadcrumb\",\"itemListElement\":[{\"@type\":\"ListItem\",\"position\":1,\"name\":\"Home\",\"item\":\"https:\/\/ultralimited.it\/de\/\"},{\"@type\":\"ListItem\",\"position\":2,\"name\":\"Lecco\"}]},{\"@type\":\"WebSite\",\"@id\":\"https:\/\/ultralimited.it\/en\/#website\",\"url\":\"https:\/\/ultralimited.it\/en\/\",\"name\":\"Ultra Limited\",\"description\":\"\",\"potentialAction\":[{\"@type\":\"SearchAction\",\"target\":{\"@type\":\"EntryPoint\",\"urlTemplate\":\"https:\/\/ultralimited.it\/en\/?s={search_term_string}\"},\"query-input\":{\"@type\":\"PropertyValueSpecification\",\"valueRequired\":true,\"valueName\":\"search_term_string\"}}],\"inLanguage\":\"de\"}]}<\/script>\n<!-- \/ Yoast SEO plugin. -->","yoast_head_json":{"title":"Lecco - Ultra Limited","robots":{"index":"index","follow":"follow","max-snippet":"max-snippet:-1","max-image-preview":"max-image-preview:large","max-video-preview":"max-video-preview:-1"},"canonical":"https:\/\/ultralimited.it\/de\/brillen\/lecco\/","og_locale":"de_DE","og_type":"article","og_title":"Lecco - Ultra Limited","og_description":"Herrenbrille Ultra Limited Lecco: ein handwerkliches Meisterst\u00fcck, das die Tradition des Distrikts um Belluno mit modernen Technologien verbindet. Jede Brille wird handgefertigt aus 12 Celluloseacetatfolien, die in einem Prozess, der \u00fcber 41 Tage dauert, verarbeitet werden. Die kantige Form verleiht ihr einen entschlossenen, zeitgem\u00e4\u00dfen Look, der zu allen passt, die auf Eleganz und Stil setzen. ...","og_url":"https:\/\/ultralimited.it\/de\/brillen\/lecco\/","og_site_name":"Ultra Limited","article_modified_time":"2025-01-15T13:36:32+00:00","og_image":[{"width":1600,"height":1200,"url":"https:\/\/ultralimited.it\/wp-content\/uploads\/2025\/01\/LECCO-V-F-BIANCO.jpg","type":"image\/jpeg"}],"twitter_card":"summary_large_image","twitter_misc":{"Gesch\u00e4tzte Lesezeit":"1\u00a0Minute"},"schema":{"@context":"https:\/\/schema.org","@graph":[{"@type":"WebPage","@id":"https:\/\/ultralimited.it\/de\/brillen\/lecco\/","url":"https:\/\/ultralimited.it\/de\/brillen\/lecco\/","name":"Lecco - Ultra Limited","isPartOf":{"@id":"https:\/\/ultralimited.it\/en\/#website"},"primaryImageOfPage":{"@id":"https:\/\/ultralimited.it\/de\/brillen\/lecco\/#primaryimage"},"image":{"@id":"https:\/\/ultralimited.it\/de\/brillen\/lecco\/#primaryimage"},"thumbnailUrl":"https:\/\/ultralimited.it\/wp-content\/uploads\/2025\/01\/LECCO-V-F-BIANCO.jpg","datePublished":"2025-01-03T11:42:11+00:00","dateModified":"2025-01-15T13:36:32+00:00","breadcrumb":{"@id":"https:\/\/ultralimited.it\/de\/brillen\/lecco\/#breadcrumb"},"inLanguage":"de","potentialAction":[{"@type":"ReadAction","target":["https:\/\/ultralimited.it\/de\/brillen\/lecco\/"]}]},{"@type":"ImageObject","inLanguage":"de","@id":"https:\/\/ultralimited.it\/de\/brillen\/lecco\/#primaryimage","url":"https:\/\/ultralimited.it\/wp-content\/uploads\/2025\/01\/LECCO-V-F-BIANCO.jpg","contentUrl":"https:\/\/ultralimited.it\/wp-content\/uploads\/2025\/01\/LECCO-V-F-BIANCO.jpg","width":1600,"height":1200},{"@type":"BreadcrumbList","@id":"https:\/\/ultralimited.it\/de\/brillen\/lecco\/#breadcrumb","itemListElement":[{"@type":"ListItem","position":1,"name":"Home","item":"https:\/\/ultralimited.it\/de\/"},{"@type":"ListItem","position":2,"name":"Lecco"}]},{"@type":"WebSite","@id":"https:\/\/ultralimited.it\/en\/#website","url":"https:\/\/ultralimited.it\/en\/","name":"Ultra Limited","description":"","potentialAction":[{"@type":"SearchAction","target":{"@type":"EntryPoint","urlTemplate":"https:\/\/ultralimited.it\/en\/?s={search_term_string}"},"query-input":{"@type":"PropertyValueSpecification","valueRequired":true,"valueName":"search_term_string"}}],"inLanguage":"de"}]}},"_links":{"self":[{"href":"https:\/\/ultralimited.it\/de\/wp-json\/wp\/v2\/product\/28212","targetHints":{"allow":["GET"]}}],"collection":[{"href":"https:\/\/ultralimited.it\/de\/wp-json\/wp\/v2\/product"}],"about":[{"href":"https:\/\/ultralimited.it\/de\/wp-json\/wp\/v2\/types\/product"}],"wp:featuredmedia":[{"embeddable":true,"href":"https:\/\/ultralimited.it\/de\/wp-json\/wp\/v2\/media\/28627"}],"wp:attachment":[{"href":"https:\/\/ultralimited.it\/de\/wp-json\/wp\/v2\/media?parent=28212"}],"wp:term":[{"taxonomy":"product_brand","embeddable":true,"href":"https:\/\/ultralimited.it\/de\/wp-json\/wp\/v2\/product_brand?post=28212"},{"taxonomy":"product_cat","embeddable":true,"href":"https:\/\/ultralimited.it\/de\/wp-json\/wp\/v2\/product_cat?post=28212"}],"curies":[{"name":"wp","href":"https:\/\/api.w.org\/{rel}","templated":true}]}}