{"id":27826,"date":"2024-08-05T14:53:18","date_gmt":"2024-08-05T12:53:20","guid":{"rendered":"http:\/\/ultralimited.it\/?post_type=product&#038;p=27826"},"modified":"2025-01-15T16:40:29","modified_gmt":"2025-01-15T15:40:29","slug":"ivrea","status":"publish","type":"product","link":"https:\/\/ultralimited.it\/de\/damen\/ivrea\/","title":{"rendered":"Ivrea"},"content":{"rendered":"<p><span data-sheets-value=\"{\" data-sheets-userformat=\"{\"> Das Modell Ivrea von Ultra Limited ist f\u00fcr alle Personen gedacht, die ihre Pers\u00f6nlichkeit gerne mit Style und Originalit\u00e4t zur Schau stellen. Diese Unisex-Brille mit runder Form ist das perfekte Zubeh\u00f6r f\u00fcr alle, die auf der Suche nach einem unverwechselbaren und ungew\u00f6hnlichen Look sind. Die Brille Ivrea ist in den vier kr\u00e4ftigen Farben Dunkelblau, Wei\u00df, Rot und Schwarz erh\u00e4ltlich und bringt Energie und Kreativit\u00e4t zum Ausdruck. Jede Brille wird in einem handwerklichen Prozess, der mehr als 41 Tage in Anspruch nimmt, aus 12 Celluloseacetatfolien hergestellt. Die Verarbeitung gliedert sich in verschiedene Phasen, von der Auswahl und dem Verkleben \u00fcber das Aush\u00e4rten, das Pressen, das Brennen, das Schneiden bis zum Schleifen, Feinschleifen und Polieren. Dieses handwerkliche Verfahren verleiht den Brillen ihre unverwechselbaren farbigen Streifen, die ein Symbol f\u00fcr eine exzellente Qualit\u00e4t und ein einzigartiges Design sind. Ivrea ist ideal f\u00fcr alle, die nach einer Brille suchen, die nicht nur ihren eigenen Look komplettiert, sondern die zu einem echten Style-Statement wird. Ob bei der Arbeit oder in der Freizeit, diese Bille bezaubert zu jedem Anlass mit ihrer Frische und Signifikanz, die sie unverwechselbar machen. Entscheiden Sie sich f\u00fcr das Modell Ivrea, wenn Sie auf der Suche nach Farben und Originalit\u00e4t sind, und bringen Sie Ihre Pers\u00f6nlichkeit mit einem Accessoire zum Scheinen, das nicht nur Spa\u00df macht, sondern auch gewagt ist.<\/span><\/p>\n","protected":false},"excerpt":{"rendered":"<p>Das Modell Ivrea von Ultra Limited ist f\u00fcr alle Personen gedacht, die ihre Pers\u00f6nlichkeit gerne mit Style und Originalit\u00e4t zur Schau stellen. Diese Unisex-Brille mit runder Form ist das perfekte Zubeh\u00f6r f\u00fcr alle, die auf der Suche nach einem unverwechselbaren und ungew\u00f6hnlichen Look sind. Die Brille Ivrea ist in den vier kr\u00e4ftigen Farben Dunkelblau, Wei\u00df, <a href=\"https:\/\/ultralimited.it\/de\/damen\/ivrea\/\" class=\"more-link\">&#8230;<\/a><\/p>\n","protected":false},"featured_media":27859,"template":"","meta":{"_acf_changed":false},"product_brand":[],"product_cat":[128,123,120,130],"class_list":{"0":"post-27826","1":"product","2":"type-product","3":"status-publish","4":"has-post-thumbnail","6":"product_cat-brille","7":"product_cat-brillen","8":"product_cat-damen","9":"product_cat-herren","11":"first","12":"instock","13":"shipping-taxable","14":"product-type-variable"},"acf":[],"yoast_head":"<!-- This site is optimized with the Yoast SEO plugin v26.4 - https:\/\/yoast.com\/wordpress\/plugins\/seo\/ -->\n<title>Ivrea - Ultra Limited<\/title>\n<meta name=\"robots\" content=\"index, follow, max-snippet:-1, max-image-preview:large, max-video-preview:-1\" \/>\n<link rel=\"canonical\" href=\"https:\/\/ultralimited.it\/de\/damen\/ivrea\/\" \/>\n<meta property=\"og:locale\" content=\"de_DE\" \/>\n<meta property=\"og:type\" content=\"article\" \/>\n<meta property=\"og:title\" content=\"Ivrea - Ultra Limited\" \/>\n<meta property=\"og:description\" content=\"Das Modell Ivrea von Ultra Limited ist f\u00fcr alle Personen gedacht, die ihre Pers\u00f6nlichkeit gerne mit Style und Originalit\u00e4t zur Schau stellen. Diese Unisex-Brille mit runder Form ist das perfekte Zubeh\u00f6r f\u00fcr alle, die auf der Suche nach einem unverwechselbaren und ungew\u00f6hnlichen Look sind. Die Brille Ivrea ist in den vier kr\u00e4ftigen Farben Dunkelblau, Wei\u00df, ...\" \/>\n<meta property=\"og:url\" content=\"https:\/\/ultralimited.it\/de\/damen\/ivrea\/\" \/>\n<meta property=\"og:site_name\" content=\"Ultra Limited\" \/>\n<meta property=\"article:modified_time\" content=\"2025-01-15T15:40:29+00:00\" \/>\n<meta property=\"og:image\" content=\"https:\/\/ultralimited.it\/wp-content\/uploads\/2024\/08\/ULIVNE.jpg\" \/>\n\t<meta property=\"og:image:width\" content=\"1600\" \/>\n\t<meta property=\"og:image:height\" content=\"1200\" \/>\n\t<meta property=\"og:image:type\" content=\"image\/jpeg\" \/>\n<meta name=\"twitter:card\" content=\"summary_large_image\" \/>\n<meta name=\"twitter:label1\" content=\"Gesch\u00e4tzte Lesezeit\" \/>\n\t<meta name=\"twitter:data1\" content=\"2\u00a0Minuten\" \/>\n<script type=\"application\/ld+json\" class=\"yoast-schema-graph\">{\"@context\":\"https:\/\/schema.org\",\"@graph\":[{\"@type\":\"WebPage\",\"@id\":\"https:\/\/ultralimited.it\/de\/damen\/ivrea\/\",\"url\":\"https:\/\/ultralimited.it\/de\/damen\/ivrea\/\",\"name\":\"Ivrea - Ultra Limited\",\"isPartOf\":{\"@id\":\"https:\/\/ultralimited.it\/en\/#website\"},\"primaryImageOfPage\":{\"@id\":\"https:\/\/ultralimited.it\/de\/damen\/ivrea\/#primaryimage\"},\"image\":{\"@id\":\"https:\/\/ultralimited.it\/de\/damen\/ivrea\/#primaryimage\"},\"thumbnailUrl\":\"https:\/\/ultralimited.it\/wp-content\/uploads\/2024\/08\/ULIVNE.jpg\",\"datePublished\":\"2024-08-05T12:53:20+00:00\",\"dateModified\":\"2025-01-15T15:40:29+00:00\",\"breadcrumb\":{\"@id\":\"https:\/\/ultralimited.it\/de\/damen\/ivrea\/#breadcrumb\"},\"inLanguage\":\"de\",\"potentialAction\":[{\"@type\":\"ReadAction\",\"target\":[\"https:\/\/ultralimited.it\/de\/damen\/ivrea\/\"]}]},{\"@type\":\"ImageObject\",\"inLanguage\":\"de\",\"@id\":\"https:\/\/ultralimited.it\/de\/damen\/ivrea\/#primaryimage\",\"url\":\"https:\/\/ultralimited.it\/wp-content\/uploads\/2024\/08\/ULIVNE.jpg\",\"contentUrl\":\"https:\/\/ultralimited.it\/wp-content\/uploads\/2024\/08\/ULIVNE.jpg\",\"width\":1600,\"height\":1200},{\"@type\":\"BreadcrumbList\",\"@id\":\"https:\/\/ultralimited.it\/de\/damen\/ivrea\/#breadcrumb\",\"itemListElement\":[{\"@type\":\"ListItem\",\"position\":1,\"name\":\"Home\",\"item\":\"https:\/\/ultralimited.it\/de\/\"},{\"@type\":\"ListItem\",\"position\":2,\"name\":\"Ivrea\"}]},{\"@type\":\"WebSite\",\"@id\":\"https:\/\/ultralimited.it\/en\/#website\",\"url\":\"https:\/\/ultralimited.it\/en\/\",\"name\":\"Ultra Limited\",\"description\":\"\",\"potentialAction\":[{\"@type\":\"SearchAction\",\"target\":{\"@type\":\"EntryPoint\",\"urlTemplate\":\"https:\/\/ultralimited.it\/en\/?s={search_term_string}\"},\"query-input\":{\"@type\":\"PropertyValueSpecification\",\"valueRequired\":true,\"valueName\":\"search_term_string\"}}],\"inLanguage\":\"de\"}]}<\/script>\n<!-- \/ Yoast SEO plugin. -->","yoast_head_json":{"title":"Ivrea - Ultra Limited","robots":{"index":"index","follow":"follow","max-snippet":"max-snippet:-1","max-image-preview":"max-image-preview:large","max-video-preview":"max-video-preview:-1"},"canonical":"https:\/\/ultralimited.it\/de\/damen\/ivrea\/","og_locale":"de_DE","og_type":"article","og_title":"Ivrea - Ultra Limited","og_description":"Das Modell Ivrea von Ultra Limited ist f\u00fcr alle Personen gedacht, die ihre Pers\u00f6nlichkeit gerne mit Style und Originalit\u00e4t zur Schau stellen. Diese Unisex-Brille mit runder Form ist das perfekte Zubeh\u00f6r f\u00fcr alle, die auf der Suche nach einem unverwechselbaren und ungew\u00f6hnlichen Look sind. Die Brille Ivrea ist in den vier kr\u00e4ftigen Farben Dunkelblau, Wei\u00df, ...","og_url":"https:\/\/ultralimited.it\/de\/damen\/ivrea\/","og_site_name":"Ultra Limited","article_modified_time":"2025-01-15T15:40:29+00:00","og_image":[{"width":1600,"height":1200,"url":"https:\/\/ultralimited.it\/wp-content\/uploads\/2024\/08\/ULIVNE.jpg","type":"image\/jpeg"}],"twitter_card":"summary_large_image","twitter_misc":{"Gesch\u00e4tzte Lesezeit":"2\u00a0Minuten"},"schema":{"@context":"https:\/\/schema.org","@graph":[{"@type":"WebPage","@id":"https:\/\/ultralimited.it\/de\/damen\/ivrea\/","url":"https:\/\/ultralimited.it\/de\/damen\/ivrea\/","name":"Ivrea - Ultra Limited","isPartOf":{"@id":"https:\/\/ultralimited.it\/en\/#website"},"primaryImageOfPage":{"@id":"https:\/\/ultralimited.it\/de\/damen\/ivrea\/#primaryimage"},"image":{"@id":"https:\/\/ultralimited.it\/de\/damen\/ivrea\/#primaryimage"},"thumbnailUrl":"https:\/\/ultralimited.it\/wp-content\/uploads\/2024\/08\/ULIVNE.jpg","datePublished":"2024-08-05T12:53:20+00:00","dateModified":"2025-01-15T15:40:29+00:00","breadcrumb":{"@id":"https:\/\/ultralimited.it\/de\/damen\/ivrea\/#breadcrumb"},"inLanguage":"de","potentialAction":[{"@type":"ReadAction","target":["https:\/\/ultralimited.it\/de\/damen\/ivrea\/"]}]},{"@type":"ImageObject","inLanguage":"de","@id":"https:\/\/ultralimited.it\/de\/damen\/ivrea\/#primaryimage","url":"https:\/\/ultralimited.it\/wp-content\/uploads\/2024\/08\/ULIVNE.jpg","contentUrl":"https:\/\/ultralimited.it\/wp-content\/uploads\/2024\/08\/ULIVNE.jpg","width":1600,"height":1200},{"@type":"BreadcrumbList","@id":"https:\/\/ultralimited.it\/de\/damen\/ivrea\/#breadcrumb","itemListElement":[{"@type":"ListItem","position":1,"name":"Home","item":"https:\/\/ultralimited.it\/de\/"},{"@type":"ListItem","position":2,"name":"Ivrea"}]},{"@type":"WebSite","@id":"https:\/\/ultralimited.it\/en\/#website","url":"https:\/\/ultralimited.it\/en\/","name":"Ultra Limited","description":"","potentialAction":[{"@type":"SearchAction","target":{"@type":"EntryPoint","urlTemplate":"https:\/\/ultralimited.it\/en\/?s={search_term_string}"},"query-input":{"@type":"PropertyValueSpecification","valueRequired":true,"valueName":"search_term_string"}}],"inLanguage":"de"}]}},"_links":{"self":[{"href":"https:\/\/ultralimited.it\/de\/wp-json\/wp\/v2\/product\/27826","targetHints":{"allow":["GET"]}}],"collection":[{"href":"https:\/\/ultralimited.it\/de\/wp-json\/wp\/v2\/product"}],"about":[{"href":"https:\/\/ultralimited.it\/de\/wp-json\/wp\/v2\/types\/product"}],"wp:featuredmedia":[{"embeddable":true,"href":"https:\/\/ultralimited.it\/de\/wp-json\/wp\/v2\/media\/27859"}],"wp:attachment":[{"href":"https:\/\/ultralimited.it\/de\/wp-json\/wp\/v2\/media?parent=27826"}],"wp:term":[{"taxonomy":"product_brand","embeddable":true,"href":"https:\/\/ultralimited.it\/de\/wp-json\/wp\/v2\/product_brand?post=27826"},{"taxonomy":"product_cat","embeddable":true,"href":"https:\/\/ultralimited.it\/de\/wp-json\/wp\/v2\/product_cat?post=27826"}],"curies":[{"name":"wp","href":"https:\/\/api.w.org\/{rel}","templated":true}]}}