{"id":27745,"date":"2024-08-05T14:48:02","date_gmt":"2024-08-05T12:48:04","guid":{"rendered":"http:\/\/ultralimited.it\/?post_type=product&#038;p=27745"},"modified":"2024-09-02T10:08:17","modified_gmt":"2024-09-02T08:08:17","slug":"fossano","status":"publish","type":"product","link":"https:\/\/ultralimited.it\/de\/brillen\/fossano\/","title":{"rendered":"Fossano"},"content":{"rendered":"<p><span data-sheets-value=\"{\" data-sheets-userformat=\"{\"> Das Modell Fossano von Ultra Limited ist die Exzellenz der m\u00e4nnlichen Eleganz. Mit ihrer kantigen Form ist diese Brille ideal f\u00fcr alle, die einen klassischen Look mit einzigartigen Details wollen, die ihre Uniqueness unterstreichen. Die Brille Fossano ist in den Farben Dunkelblau, Havana, Gestreift und Schwarz erh\u00e4ltlich und f\u00fcr M\u00e4nner gedacht, die eine exklusive und vielseitige \u00c4sthetik zu sch\u00e4tzen wissen. Diese Brille wird in einem komplexen Prozess gefertigt, in dem 12 farbige Celluloseacetatfolien in einem handwerklichen Verfahren verarbeitet werden, das mehr als 41 Tage in Anspruch nimmt. Jede Phase, von der Auswahl und dem Verkleben \u00fcber das Aush\u00e4rten, das Pressen, das Brennen, das Schneiden bis zum Schleifen, Feinschleifen und Polieren, leistet einen Betrag dazu, einzigartige farbige Streifen und eine unvergleichliche Qualit\u00e4t zu schaffen. Mit ihrer Kombination aus N\u00fcchternheit und Charakter eignet sich die Brille Fossano f\u00fcr alle Situationen im Alltag, vom B\u00fcro bis zur Freizeit. Ideal auch f\u00fcr alle, die Wert auf ein elegantes und professionelles Aussehen legen, ohne auf Pers\u00f6nlichkeit verzichten zu wollen. Wer sich f\u00fcr das Modell Fossano entscheidet, der entscheidet sich f\u00fcr ein Accessoire, das klassische Formen mit einzigartigen Details verbindet, und f\u00fcr eine vielseitige und zeitlose Brille f\u00fcr den modernen Mann, der genau wei\u00df, was er will.<\/span><\/p>\n","protected":false},"excerpt":{"rendered":"<p>Das Modell Fossano von Ultra Limited ist die Exzellenz der m\u00e4nnlichen Eleganz. Mit ihrer kantigen Form ist diese Brille ideal f\u00fcr alle, die einen klassischen Look mit einzigartigen Details wollen, die ihre Uniqueness unterstreichen. Die Brille Fossano ist in den Farben Dunkelblau, Havana, Gestreift und Schwarz erh\u00e4ltlich und f\u00fcr M\u00e4nner gedacht, die eine exklusive und <a href=\"https:\/\/ultralimited.it\/de\/brillen\/fossano\/\" class=\"more-link\">&#8230;<\/a><\/p>\n","protected":false},"featured_media":27788,"template":"","meta":{"_acf_changed":false},"product_brand":[],"product_cat":[128,123,130],"class_list":{"0":"post-27745","1":"product","2":"type-product","3":"status-publish","4":"has-post-thumbnail","6":"product_cat-brille","7":"product_cat-brillen","8":"product_cat-herren","10":"first","11":"instock","12":"shipping-taxable","13":"product-type-variable"},"acf":[],"yoast_head":"<!-- This site is optimized with the Yoast SEO plugin v26.4 - https:\/\/yoast.com\/wordpress\/plugins\/seo\/ -->\n<title>Fossano - Ultra Limited<\/title>\n<meta name=\"robots\" content=\"index, follow, max-snippet:-1, max-image-preview:large, max-video-preview:-1\" \/>\n<link rel=\"canonical\" href=\"https:\/\/ultralimited.it\/de\/brillen\/fossano\/\" \/>\n<meta property=\"og:locale\" content=\"de_DE\" \/>\n<meta property=\"og:type\" content=\"article\" \/>\n<meta property=\"og:title\" content=\"Fossano - Ultra Limited\" \/>\n<meta property=\"og:description\" content=\"Das Modell Fossano von Ultra Limited ist die Exzellenz der m\u00e4nnlichen Eleganz. Mit ihrer kantigen Form ist diese Brille ideal f\u00fcr alle, die einen klassischen Look mit einzigartigen Details wollen, die ihre Uniqueness unterstreichen. Die Brille Fossano ist in den Farben Dunkelblau, Havana, Gestreift und Schwarz erh\u00e4ltlich und f\u00fcr M\u00e4nner gedacht, die eine exklusive und ...\" \/>\n<meta property=\"og:url\" content=\"https:\/\/ultralimited.it\/de\/brillen\/fossano\/\" \/>\n<meta property=\"og:site_name\" content=\"Ultra Limited\" \/>\n<meta property=\"article:modified_time\" content=\"2024-09-02T08:08:17+00:00\" \/>\n<meta property=\"og:image\" content=\"https:\/\/ultralimited.it\/wp-content\/uploads\/2024\/08\/ULFSBL.jpg\" \/>\n\t<meta property=\"og:image:width\" content=\"1600\" \/>\n\t<meta property=\"og:image:height\" content=\"1200\" \/>\n\t<meta property=\"og:image:type\" content=\"image\/jpeg\" \/>\n<meta name=\"twitter:card\" content=\"summary_large_image\" \/>\n<meta name=\"twitter:label1\" content=\"Gesch\u00e4tzte Lesezeit\" \/>\n\t<meta name=\"twitter:data1\" content=\"1\u00a0Minute\" \/>\n<script type=\"application\/ld+json\" class=\"yoast-schema-graph\">{\"@context\":\"https:\/\/schema.org\",\"@graph\":[{\"@type\":\"WebPage\",\"@id\":\"https:\/\/ultralimited.it\/de\/brillen\/fossano\/\",\"url\":\"https:\/\/ultralimited.it\/de\/brillen\/fossano\/\",\"name\":\"Fossano - Ultra Limited\",\"isPartOf\":{\"@id\":\"https:\/\/ultralimited.it\/en\/#website\"},\"primaryImageOfPage\":{\"@id\":\"https:\/\/ultralimited.it\/de\/brillen\/fossano\/#primaryimage\"},\"image\":{\"@id\":\"https:\/\/ultralimited.it\/de\/brillen\/fossano\/#primaryimage\"},\"thumbnailUrl\":\"https:\/\/ultralimited.it\/wp-content\/uploads\/2024\/08\/ULFSBL.jpg\",\"datePublished\":\"2024-08-05T12:48:04+00:00\",\"dateModified\":\"2024-09-02T08:08:17+00:00\",\"breadcrumb\":{\"@id\":\"https:\/\/ultralimited.it\/de\/brillen\/fossano\/#breadcrumb\"},\"inLanguage\":\"de\",\"potentialAction\":[{\"@type\":\"ReadAction\",\"target\":[\"https:\/\/ultralimited.it\/de\/brillen\/fossano\/\"]}]},{\"@type\":\"ImageObject\",\"inLanguage\":\"de\",\"@id\":\"https:\/\/ultralimited.it\/de\/brillen\/fossano\/#primaryimage\",\"url\":\"https:\/\/ultralimited.it\/wp-content\/uploads\/2024\/08\/ULFSBL.jpg\",\"contentUrl\":\"https:\/\/ultralimited.it\/wp-content\/uploads\/2024\/08\/ULFSBL.jpg\",\"width\":1600,\"height\":1200},{\"@type\":\"BreadcrumbList\",\"@id\":\"https:\/\/ultralimited.it\/de\/brillen\/fossano\/#breadcrumb\",\"itemListElement\":[{\"@type\":\"ListItem\",\"position\":1,\"name\":\"Home\",\"item\":\"https:\/\/ultralimited.it\/de\/\"},{\"@type\":\"ListItem\",\"position\":2,\"name\":\"Fossano\"}]},{\"@type\":\"WebSite\",\"@id\":\"https:\/\/ultralimited.it\/en\/#website\",\"url\":\"https:\/\/ultralimited.it\/en\/\",\"name\":\"Ultra Limited\",\"description\":\"\",\"potentialAction\":[{\"@type\":\"SearchAction\",\"target\":{\"@type\":\"EntryPoint\",\"urlTemplate\":\"https:\/\/ultralimited.it\/en\/?s={search_term_string}\"},\"query-input\":{\"@type\":\"PropertyValueSpecification\",\"valueRequired\":true,\"valueName\":\"search_term_string\"}}],\"inLanguage\":\"de\"}]}<\/script>\n<!-- \/ Yoast SEO plugin. -->","yoast_head_json":{"title":"Fossano - Ultra Limited","robots":{"index":"index","follow":"follow","max-snippet":"max-snippet:-1","max-image-preview":"max-image-preview:large","max-video-preview":"max-video-preview:-1"},"canonical":"https:\/\/ultralimited.it\/de\/brillen\/fossano\/","og_locale":"de_DE","og_type":"article","og_title":"Fossano - Ultra Limited","og_description":"Das Modell Fossano von Ultra Limited ist die Exzellenz der m\u00e4nnlichen Eleganz. Mit ihrer kantigen Form ist diese Brille ideal f\u00fcr alle, die einen klassischen Look mit einzigartigen Details wollen, die ihre Uniqueness unterstreichen. Die Brille Fossano ist in den Farben Dunkelblau, Havana, Gestreift und Schwarz erh\u00e4ltlich und f\u00fcr M\u00e4nner gedacht, die eine exklusive und ...","og_url":"https:\/\/ultralimited.it\/de\/brillen\/fossano\/","og_site_name":"Ultra Limited","article_modified_time":"2024-09-02T08:08:17+00:00","og_image":[{"width":1600,"height":1200,"url":"https:\/\/ultralimited.it\/wp-content\/uploads\/2024\/08\/ULFSBL.jpg","type":"image\/jpeg"}],"twitter_card":"summary_large_image","twitter_misc":{"Gesch\u00e4tzte Lesezeit":"1\u00a0Minute"},"schema":{"@context":"https:\/\/schema.org","@graph":[{"@type":"WebPage","@id":"https:\/\/ultralimited.it\/de\/brillen\/fossano\/","url":"https:\/\/ultralimited.it\/de\/brillen\/fossano\/","name":"Fossano - Ultra Limited","isPartOf":{"@id":"https:\/\/ultralimited.it\/en\/#website"},"primaryImageOfPage":{"@id":"https:\/\/ultralimited.it\/de\/brillen\/fossano\/#primaryimage"},"image":{"@id":"https:\/\/ultralimited.it\/de\/brillen\/fossano\/#primaryimage"},"thumbnailUrl":"https:\/\/ultralimited.it\/wp-content\/uploads\/2024\/08\/ULFSBL.jpg","datePublished":"2024-08-05T12:48:04+00:00","dateModified":"2024-09-02T08:08:17+00:00","breadcrumb":{"@id":"https:\/\/ultralimited.it\/de\/brillen\/fossano\/#breadcrumb"},"inLanguage":"de","potentialAction":[{"@type":"ReadAction","target":["https:\/\/ultralimited.it\/de\/brillen\/fossano\/"]}]},{"@type":"ImageObject","inLanguage":"de","@id":"https:\/\/ultralimited.it\/de\/brillen\/fossano\/#primaryimage","url":"https:\/\/ultralimited.it\/wp-content\/uploads\/2024\/08\/ULFSBL.jpg","contentUrl":"https:\/\/ultralimited.it\/wp-content\/uploads\/2024\/08\/ULFSBL.jpg","width":1600,"height":1200},{"@type":"BreadcrumbList","@id":"https:\/\/ultralimited.it\/de\/brillen\/fossano\/#breadcrumb","itemListElement":[{"@type":"ListItem","position":1,"name":"Home","item":"https:\/\/ultralimited.it\/de\/"},{"@type":"ListItem","position":2,"name":"Fossano"}]},{"@type":"WebSite","@id":"https:\/\/ultralimited.it\/en\/#website","url":"https:\/\/ultralimited.it\/en\/","name":"Ultra Limited","description":"","potentialAction":[{"@type":"SearchAction","target":{"@type":"EntryPoint","urlTemplate":"https:\/\/ultralimited.it\/en\/?s={search_term_string}"},"query-input":{"@type":"PropertyValueSpecification","valueRequired":true,"valueName":"search_term_string"}}],"inLanguage":"de"}]}},"_links":{"self":[{"href":"https:\/\/ultralimited.it\/de\/wp-json\/wp\/v2\/product\/27745","targetHints":{"allow":["GET"]}}],"collection":[{"href":"https:\/\/ultralimited.it\/de\/wp-json\/wp\/v2\/product"}],"about":[{"href":"https:\/\/ultralimited.it\/de\/wp-json\/wp\/v2\/types\/product"}],"wp:featuredmedia":[{"embeddable":true,"href":"https:\/\/ultralimited.it\/de\/wp-json\/wp\/v2\/media\/27788"}],"wp:attachment":[{"href":"https:\/\/ultralimited.it\/de\/wp-json\/wp\/v2\/media?parent=27745"}],"wp:term":[{"taxonomy":"product_brand","embeddable":true,"href":"https:\/\/ultralimited.it\/de\/wp-json\/wp\/v2\/product_brand?post=27745"},{"taxonomy":"product_cat","embeddable":true,"href":"https:\/\/ultralimited.it\/de\/wp-json\/wp\/v2\/product_cat?post=27745"}],"curies":[{"name":"wp","href":"https:\/\/api.w.org\/{rel}","templated":true}]}}