{"id":27720,"date":"2024-08-05T14:47:52","date_gmt":"2024-08-05T12:47:54","guid":{"rendered":"http:\/\/ultralimited.it\/?post_type=product&#038;p=27720"},"modified":"2024-09-02T10:15:37","modified_gmt":"2024-09-02T08:15:37","slug":"giannutri","status":"publish","type":"product","link":"https:\/\/ultralimited.it\/de\/damen\/giannutri\/","title":{"rendered":"Giannutri"},"content":{"rendered":"<p><span data-sheets-value=\"{\" data-sheets-userformat=\"{\"> Die Sonnenbrille f\u00fcr Damen Giannutri feiert auf elegante Weise das 10. Jubil\u00e4um der Kollektion Ultra Limited. Mit ihrer kantigen, unverwechselbaren Form steht diese Brille, die in den eleganten Farben Havana und Schwarz erh\u00e4ltlich ist, f\u00fcr einen exklusiven und zeitlosen Stil. Jede einzelne Brille Giannutri ist ein kleines Kunstwerk, das aus 12 Celluloseacetatfolien besteht, die \u00fcber einen Zeitraum von mehr als 41 Tagen in einem handwerklichen Verfahren verarbeitet werden. Dieser komplexe Prozess umfasst die Auswahl, das Verkleben, das Aush\u00e4rten, das Pressen, das Brennen und das Schneiden, das Schleifen, das Feinschleifen und das Polieren, durch die einzigartige farbige Streifen entstehen, die der Brille ihren unverwechselbaren Charakter verleihen, Das Modell Giannutri ist eine Hommage an das 10. Jubil\u00e4um von Ultra Limited und weist ein exklusives Logo an den B\u00fcgeln auf, als Symbol f\u00fcr ein Jahrzehnt der Innovation und des modernen Designs. Jede Brille wird in einem speziellen Etui geliefert, ein Hauch von Luxus, der diesem bereits herausragenden Accessoire Wert und Exklusivit\u00e4t verleiht. Diese Brillen sind perfekt f\u00fcr alle, die ihre eigene Einzigartigkeit mit einem gewagten und exklusiven Design feiern m\u00f6chten. Wer sich f\u00fcr das Modell Giannutri entscheidet, wird Teil der Geschichte der Marke Ultra Limited, die Eleganz und Style neu definiert.<\/span><\/p>\n","protected":false},"excerpt":{"rendered":"<p>Die Sonnenbrille f\u00fcr Damen Giannutri feiert auf elegante Weise das 10. Jubil\u00e4um der Kollektion Ultra Limited. Mit ihrer kantigen, unverwechselbaren Form steht diese Brille, die in den eleganten Farben Havana und Schwarz erh\u00e4ltlich ist, f\u00fcr einen exklusiven und zeitlosen Stil. Jede einzelne Brille Giannutri ist ein kleines Kunstwerk, das aus 12 Celluloseacetatfolien besteht, die \u00fcber <a href=\"https:\/\/ultralimited.it\/de\/damen\/giannutri\/\" class=\"more-link\">&#8230;<\/a><\/p>\n","protected":false},"featured_media":27905,"template":"","meta":{"_acf_changed":false},"product_brand":[],"product_cat":[128,120,126],"class_list":{"0":"post-27720","1":"product","2":"type-product","3":"status-publish","4":"has-post-thumbnail","6":"product_cat-brille","7":"product_cat-damen","8":"product_cat-sonnenbrillen","10":"first","11":"instock","12":"shipping-taxable","13":"product-type-variable"},"acf":[],"yoast_head":"<!-- This site is optimized with the Yoast SEO plugin v26.4 - https:\/\/yoast.com\/wordpress\/plugins\/seo\/ -->\n<title>Giannutri - Ultra Limited<\/title>\n<meta name=\"robots\" content=\"index, follow, max-snippet:-1, max-image-preview:large, max-video-preview:-1\" \/>\n<link rel=\"canonical\" href=\"https:\/\/ultralimited.it\/de\/damen\/giannutri\/\" \/>\n<meta property=\"og:locale\" content=\"de_DE\" \/>\n<meta property=\"og:type\" content=\"article\" \/>\n<meta property=\"og:title\" content=\"Giannutri - Ultra Limited\" \/>\n<meta property=\"og:description\" content=\"Die Sonnenbrille f\u00fcr Damen Giannutri feiert auf elegante Weise das 10. Jubil\u00e4um der Kollektion Ultra Limited. Mit ihrer kantigen, unverwechselbaren Form steht diese Brille, die in den eleganten Farben Havana und Schwarz erh\u00e4ltlich ist, f\u00fcr einen exklusiven und zeitlosen Stil. Jede einzelne Brille Giannutri ist ein kleines Kunstwerk, das aus 12 Celluloseacetatfolien besteht, die \u00fcber ...\" \/>\n<meta property=\"og:url\" content=\"https:\/\/ultralimited.it\/de\/damen\/giannutri\/\" \/>\n<meta property=\"og:site_name\" content=\"Ultra Limited\" \/>\n<meta property=\"article:modified_time\" content=\"2024-09-02T08:15:37+00:00\" \/>\n<meta property=\"og:image\" content=\"https:\/\/ultralimited.it\/wp-content\/uploads\/2024\/08\/ULSGIAHA.jpg\" \/>\n\t<meta property=\"og:image:width\" content=\"1600\" \/>\n\t<meta property=\"og:image:height\" content=\"1200\" \/>\n\t<meta property=\"og:image:type\" content=\"image\/jpeg\" \/>\n<meta name=\"twitter:card\" content=\"summary_large_image\" \/>\n<meta name=\"twitter:label1\" content=\"Gesch\u00e4tzte Lesezeit\" \/>\n\t<meta name=\"twitter:data1\" content=\"1\u00a0Minute\" \/>\n<script type=\"application\/ld+json\" class=\"yoast-schema-graph\">{\"@context\":\"https:\/\/schema.org\",\"@graph\":[{\"@type\":\"WebPage\",\"@id\":\"https:\/\/ultralimited.it\/de\/damen\/giannutri\/\",\"url\":\"https:\/\/ultralimited.it\/de\/damen\/giannutri\/\",\"name\":\"Giannutri - Ultra Limited\",\"isPartOf\":{\"@id\":\"https:\/\/ultralimited.it\/en\/#website\"},\"primaryImageOfPage\":{\"@id\":\"https:\/\/ultralimited.it\/de\/damen\/giannutri\/#primaryimage\"},\"image\":{\"@id\":\"https:\/\/ultralimited.it\/de\/damen\/giannutri\/#primaryimage\"},\"thumbnailUrl\":\"https:\/\/ultralimited.it\/wp-content\/uploads\/2024\/08\/ULSGIAHA.jpg\",\"datePublished\":\"2024-08-05T12:47:54+00:00\",\"dateModified\":\"2024-09-02T08:15:37+00:00\",\"breadcrumb\":{\"@id\":\"https:\/\/ultralimited.it\/de\/damen\/giannutri\/#breadcrumb\"},\"inLanguage\":\"de\",\"potentialAction\":[{\"@type\":\"ReadAction\",\"target\":[\"https:\/\/ultralimited.it\/de\/damen\/giannutri\/\"]}]},{\"@type\":\"ImageObject\",\"inLanguage\":\"de\",\"@id\":\"https:\/\/ultralimited.it\/de\/damen\/giannutri\/#primaryimage\",\"url\":\"https:\/\/ultralimited.it\/wp-content\/uploads\/2024\/08\/ULSGIAHA.jpg\",\"contentUrl\":\"https:\/\/ultralimited.it\/wp-content\/uploads\/2024\/08\/ULSGIAHA.jpg\",\"width\":1600,\"height\":1200},{\"@type\":\"BreadcrumbList\",\"@id\":\"https:\/\/ultralimited.it\/de\/damen\/giannutri\/#breadcrumb\",\"itemListElement\":[{\"@type\":\"ListItem\",\"position\":1,\"name\":\"Home\",\"item\":\"https:\/\/ultralimited.it\/de\/\"},{\"@type\":\"ListItem\",\"position\":2,\"name\":\"Giannutri\"}]},{\"@type\":\"WebSite\",\"@id\":\"https:\/\/ultralimited.it\/en\/#website\",\"url\":\"https:\/\/ultralimited.it\/en\/\",\"name\":\"Ultra Limited\",\"description\":\"\",\"potentialAction\":[{\"@type\":\"SearchAction\",\"target\":{\"@type\":\"EntryPoint\",\"urlTemplate\":\"https:\/\/ultralimited.it\/en\/?s={search_term_string}\"},\"query-input\":{\"@type\":\"PropertyValueSpecification\",\"valueRequired\":true,\"valueName\":\"search_term_string\"}}],\"inLanguage\":\"de\"}]}<\/script>\n<!-- \/ Yoast SEO plugin. -->","yoast_head_json":{"title":"Giannutri - Ultra Limited","robots":{"index":"index","follow":"follow","max-snippet":"max-snippet:-1","max-image-preview":"max-image-preview:large","max-video-preview":"max-video-preview:-1"},"canonical":"https:\/\/ultralimited.it\/de\/damen\/giannutri\/","og_locale":"de_DE","og_type":"article","og_title":"Giannutri - Ultra Limited","og_description":"Die Sonnenbrille f\u00fcr Damen Giannutri feiert auf elegante Weise das 10. Jubil\u00e4um der Kollektion Ultra Limited. Mit ihrer kantigen, unverwechselbaren Form steht diese Brille, die in den eleganten Farben Havana und Schwarz erh\u00e4ltlich ist, f\u00fcr einen exklusiven und zeitlosen Stil. Jede einzelne Brille Giannutri ist ein kleines Kunstwerk, das aus 12 Celluloseacetatfolien besteht, die \u00fcber ...","og_url":"https:\/\/ultralimited.it\/de\/damen\/giannutri\/","og_site_name":"Ultra Limited","article_modified_time":"2024-09-02T08:15:37+00:00","og_image":[{"width":1600,"height":1200,"url":"https:\/\/ultralimited.it\/wp-content\/uploads\/2024\/08\/ULSGIAHA.jpg","type":"image\/jpeg"}],"twitter_card":"summary_large_image","twitter_misc":{"Gesch\u00e4tzte Lesezeit":"1\u00a0Minute"},"schema":{"@context":"https:\/\/schema.org","@graph":[{"@type":"WebPage","@id":"https:\/\/ultralimited.it\/de\/damen\/giannutri\/","url":"https:\/\/ultralimited.it\/de\/damen\/giannutri\/","name":"Giannutri - Ultra Limited","isPartOf":{"@id":"https:\/\/ultralimited.it\/en\/#website"},"primaryImageOfPage":{"@id":"https:\/\/ultralimited.it\/de\/damen\/giannutri\/#primaryimage"},"image":{"@id":"https:\/\/ultralimited.it\/de\/damen\/giannutri\/#primaryimage"},"thumbnailUrl":"https:\/\/ultralimited.it\/wp-content\/uploads\/2024\/08\/ULSGIAHA.jpg","datePublished":"2024-08-05T12:47:54+00:00","dateModified":"2024-09-02T08:15:37+00:00","breadcrumb":{"@id":"https:\/\/ultralimited.it\/de\/damen\/giannutri\/#breadcrumb"},"inLanguage":"de","potentialAction":[{"@type":"ReadAction","target":["https:\/\/ultralimited.it\/de\/damen\/giannutri\/"]}]},{"@type":"ImageObject","inLanguage":"de","@id":"https:\/\/ultralimited.it\/de\/damen\/giannutri\/#primaryimage","url":"https:\/\/ultralimited.it\/wp-content\/uploads\/2024\/08\/ULSGIAHA.jpg","contentUrl":"https:\/\/ultralimited.it\/wp-content\/uploads\/2024\/08\/ULSGIAHA.jpg","width":1600,"height":1200},{"@type":"BreadcrumbList","@id":"https:\/\/ultralimited.it\/de\/damen\/giannutri\/#breadcrumb","itemListElement":[{"@type":"ListItem","position":1,"name":"Home","item":"https:\/\/ultralimited.it\/de\/"},{"@type":"ListItem","position":2,"name":"Giannutri"}]},{"@type":"WebSite","@id":"https:\/\/ultralimited.it\/en\/#website","url":"https:\/\/ultralimited.it\/en\/","name":"Ultra Limited","description":"","potentialAction":[{"@type":"SearchAction","target":{"@type":"EntryPoint","urlTemplate":"https:\/\/ultralimited.it\/en\/?s={search_term_string}"},"query-input":{"@type":"PropertyValueSpecification","valueRequired":true,"valueName":"search_term_string"}}],"inLanguage":"de"}]}},"_links":{"self":[{"href":"https:\/\/ultralimited.it\/de\/wp-json\/wp\/v2\/product\/27720","targetHints":{"allow":["GET"]}}],"collection":[{"href":"https:\/\/ultralimited.it\/de\/wp-json\/wp\/v2\/product"}],"about":[{"href":"https:\/\/ultralimited.it\/de\/wp-json\/wp\/v2\/types\/product"}],"wp:featuredmedia":[{"embeddable":true,"href":"https:\/\/ultralimited.it\/de\/wp-json\/wp\/v2\/media\/27905"}],"wp:attachment":[{"href":"https:\/\/ultralimited.it\/de\/wp-json\/wp\/v2\/media?parent=27720"}],"wp:term":[{"taxonomy":"product_brand","embeddable":true,"href":"https:\/\/ultralimited.it\/de\/wp-json\/wp\/v2\/product_brand?post=27720"},{"taxonomy":"product_cat","embeddable":true,"href":"https:\/\/ultralimited.it\/de\/wp-json\/wp\/v2\/product_cat?post=27720"}],"curies":[{"name":"wp","href":"https:\/\/api.w.org\/{rel}","templated":true}]}}