{"id":27556,"date":"2024-08-02T15:42:28","date_gmt":"2024-08-02T13:42:30","guid":{"rendered":"http:\/\/ultralimited.it\/?post_type=product&#038;p=27556"},"modified":"2024-09-02T09:58:27","modified_gmt":"2024-09-02T07:58:27","slug":"canelli","status":"publish","type":"product","link":"https:\/\/ultralimited.it\/de\/damen\/canelli\/","title":{"rendered":"Canelli"},"content":{"rendered":"<p><span data-sheets-value=\"{\" data-sheets-userformat=\"{\"> Das Modell Canelli von Ultra Limited ist die Essenz der Vielseitigkeit und perfekt f\u00fcr alle, die auf der Suche nach einer ser\u00f6sen und stylischen Brille sind. Das Unisex-Modell Canelli harmoniert mit seiner eleganten runden Form perfekt mit jedem Style. Diese Brille eignet sich besonders gut f\u00fcr Personen mit einer kantigen Gesichtsform, da sie die Gesichtsz\u00fcge weicher und harmonischer erscheinen l\u00e4sst. Das Modell Canelli ist in einer faszinierenden Farbpalette in den Farben Dunkelblau, Havana, Gestreift und Schwarz erh\u00e4ltlich und bietet verschiedene Optionen, von den klassischen bis zu den gewagteren und bunteren. Die farbigen Streifen werden in einem handwerklichen Prozess hergestellt, der mehr als 41 Tage in Anspruch nimmt und in dem 12 Celluloseacetatfolien mit gr\u00f6\u00dfter Sorgfalt verarbeitet werden. Der Prozess umfasst die Auswahl, das Verkleben, das Aush\u00e4rten, das Pressen, das Brennen und das Schneiden, das Schleifen, das Feinschleifen und das Polieren und garantiert f\u00fcr ein einzigartiges Endprodukt mit h\u00f6chster Qualit\u00e4t. Die Brillen Canelli werden in Handarbeit von erfahrenen Handwerkern aus dem Distrikt Belluno hergestellt und zeichnen sich durch ihre Exzellenz und die Aufmerksamkeit f\u00fcr die Details aus. Sie bevorzugen einen n\u00fcchternen Look oder m\u00f6chten mit gewagteren Farben experimentieren? Dann sind die Brillen Canelli mit ihrer Vielseitigkeit, die sich an jede Stimmung und jeden Anlass anpasst, die perfekte Wahl f\u00fcr Sie.<\/span><\/p>\n","protected":false},"excerpt":{"rendered":"<p>Das Modell Canelli von Ultra Limited ist die Essenz der Vielseitigkeit und perfekt f\u00fcr alle, die auf der Suche nach einer ser\u00f6sen und stylischen Brille sind. Das Unisex-Modell Canelli harmoniert mit seiner eleganten runden Form perfekt mit jedem Style. Diese Brille eignet sich besonders gut f\u00fcr Personen mit einer kantigen Gesichtsform, da sie die Gesichtsz\u00fcge <a href=\"https:\/\/ultralimited.it\/de\/damen\/canelli\/\" class=\"more-link\">&#8230;<\/a><\/p>\n","protected":false},"featured_media":27584,"template":"","meta":{"_acf_changed":false},"product_brand":[],"product_cat":[128,123,120,130],"class_list":{"0":"post-27556","1":"product","2":"type-product","3":"status-publish","4":"has-post-thumbnail","6":"product_cat-brille","7":"product_cat-brillen","8":"product_cat-damen","9":"product_cat-herren","11":"first","12":"instock","13":"shipping-taxable","14":"product-type-variable"},"acf":[],"yoast_head":"<!-- This site is optimized with the Yoast SEO plugin v26.4 - https:\/\/yoast.com\/wordpress\/plugins\/seo\/ -->\n<title>Canelli - Ultra Limited<\/title>\n<meta name=\"robots\" content=\"index, follow, max-snippet:-1, max-image-preview:large, max-video-preview:-1\" \/>\n<link rel=\"canonical\" href=\"https:\/\/ultralimited.it\/de\/damen\/canelli\/\" \/>\n<meta property=\"og:locale\" content=\"de_DE\" \/>\n<meta property=\"og:type\" content=\"article\" \/>\n<meta property=\"og:title\" content=\"Canelli - Ultra Limited\" \/>\n<meta property=\"og:description\" content=\"Das Modell Canelli von Ultra Limited ist die Essenz der Vielseitigkeit und perfekt f\u00fcr alle, die auf der Suche nach einer ser\u00f6sen und stylischen Brille sind. Das Unisex-Modell Canelli harmoniert mit seiner eleganten runden Form perfekt mit jedem Style. Diese Brille eignet sich besonders gut f\u00fcr Personen mit einer kantigen Gesichtsform, da sie die Gesichtsz\u00fcge ...\" \/>\n<meta property=\"og:url\" content=\"https:\/\/ultralimited.it\/de\/damen\/canelli\/\" \/>\n<meta property=\"og:site_name\" content=\"Ultra Limited\" \/>\n<meta property=\"article:modified_time\" content=\"2024-09-02T07:58:27+00:00\" \/>\n<meta property=\"og:image\" content=\"https:\/\/ultralimited.it\/wp-content\/uploads\/2024\/08\/ULCANHA.jpg\" \/>\n\t<meta property=\"og:image:width\" content=\"1600\" \/>\n\t<meta property=\"og:image:height\" content=\"1200\" \/>\n\t<meta property=\"og:image:type\" content=\"image\/jpeg\" \/>\n<meta name=\"twitter:card\" content=\"summary_large_image\" \/>\n<meta name=\"twitter:label1\" content=\"Gesch\u00e4tzte Lesezeit\" \/>\n\t<meta name=\"twitter:data1\" content=\"1\u00a0Minute\" \/>\n<script type=\"application\/ld+json\" class=\"yoast-schema-graph\">{\"@context\":\"https:\/\/schema.org\",\"@graph\":[{\"@type\":\"WebPage\",\"@id\":\"https:\/\/ultralimited.it\/de\/damen\/canelli\/\",\"url\":\"https:\/\/ultralimited.it\/de\/damen\/canelli\/\",\"name\":\"Canelli - Ultra Limited\",\"isPartOf\":{\"@id\":\"https:\/\/ultralimited.it\/en\/#website\"},\"primaryImageOfPage\":{\"@id\":\"https:\/\/ultralimited.it\/de\/damen\/canelli\/#primaryimage\"},\"image\":{\"@id\":\"https:\/\/ultralimited.it\/de\/damen\/canelli\/#primaryimage\"},\"thumbnailUrl\":\"https:\/\/ultralimited.it\/wp-content\/uploads\/2024\/08\/ULCANHA.jpg\",\"datePublished\":\"2024-08-02T13:42:30+00:00\",\"dateModified\":\"2024-09-02T07:58:27+00:00\",\"breadcrumb\":{\"@id\":\"https:\/\/ultralimited.it\/de\/damen\/canelli\/#breadcrumb\"},\"inLanguage\":\"de\",\"potentialAction\":[{\"@type\":\"ReadAction\",\"target\":[\"https:\/\/ultralimited.it\/de\/damen\/canelli\/\"]}]},{\"@type\":\"ImageObject\",\"inLanguage\":\"de\",\"@id\":\"https:\/\/ultralimited.it\/de\/damen\/canelli\/#primaryimage\",\"url\":\"https:\/\/ultralimited.it\/wp-content\/uploads\/2024\/08\/ULCANHA.jpg\",\"contentUrl\":\"https:\/\/ultralimited.it\/wp-content\/uploads\/2024\/08\/ULCANHA.jpg\",\"width\":1600,\"height\":1200},{\"@type\":\"BreadcrumbList\",\"@id\":\"https:\/\/ultralimited.it\/de\/damen\/canelli\/#breadcrumb\",\"itemListElement\":[{\"@type\":\"ListItem\",\"position\":1,\"name\":\"Home\",\"item\":\"https:\/\/ultralimited.it\/de\/\"},{\"@type\":\"ListItem\",\"position\":2,\"name\":\"Canelli\"}]},{\"@type\":\"WebSite\",\"@id\":\"https:\/\/ultralimited.it\/en\/#website\",\"url\":\"https:\/\/ultralimited.it\/en\/\",\"name\":\"Ultra Limited\",\"description\":\"\",\"potentialAction\":[{\"@type\":\"SearchAction\",\"target\":{\"@type\":\"EntryPoint\",\"urlTemplate\":\"https:\/\/ultralimited.it\/en\/?s={search_term_string}\"},\"query-input\":{\"@type\":\"PropertyValueSpecification\",\"valueRequired\":true,\"valueName\":\"search_term_string\"}}],\"inLanguage\":\"de\"}]}<\/script>\n<!-- \/ Yoast SEO plugin. -->","yoast_head_json":{"title":"Canelli - Ultra Limited","robots":{"index":"index","follow":"follow","max-snippet":"max-snippet:-1","max-image-preview":"max-image-preview:large","max-video-preview":"max-video-preview:-1"},"canonical":"https:\/\/ultralimited.it\/de\/damen\/canelli\/","og_locale":"de_DE","og_type":"article","og_title":"Canelli - Ultra Limited","og_description":"Das Modell Canelli von Ultra Limited ist die Essenz der Vielseitigkeit und perfekt f\u00fcr alle, die auf der Suche nach einer ser\u00f6sen und stylischen Brille sind. Das Unisex-Modell Canelli harmoniert mit seiner eleganten runden Form perfekt mit jedem Style. Diese Brille eignet sich besonders gut f\u00fcr Personen mit einer kantigen Gesichtsform, da sie die Gesichtsz\u00fcge ...","og_url":"https:\/\/ultralimited.it\/de\/damen\/canelli\/","og_site_name":"Ultra Limited","article_modified_time":"2024-09-02T07:58:27+00:00","og_image":[{"width":1600,"height":1200,"url":"https:\/\/ultralimited.it\/wp-content\/uploads\/2024\/08\/ULCANHA.jpg","type":"image\/jpeg"}],"twitter_card":"summary_large_image","twitter_misc":{"Gesch\u00e4tzte Lesezeit":"1\u00a0Minute"},"schema":{"@context":"https:\/\/schema.org","@graph":[{"@type":"WebPage","@id":"https:\/\/ultralimited.it\/de\/damen\/canelli\/","url":"https:\/\/ultralimited.it\/de\/damen\/canelli\/","name":"Canelli - Ultra Limited","isPartOf":{"@id":"https:\/\/ultralimited.it\/en\/#website"},"primaryImageOfPage":{"@id":"https:\/\/ultralimited.it\/de\/damen\/canelli\/#primaryimage"},"image":{"@id":"https:\/\/ultralimited.it\/de\/damen\/canelli\/#primaryimage"},"thumbnailUrl":"https:\/\/ultralimited.it\/wp-content\/uploads\/2024\/08\/ULCANHA.jpg","datePublished":"2024-08-02T13:42:30+00:00","dateModified":"2024-09-02T07:58:27+00:00","breadcrumb":{"@id":"https:\/\/ultralimited.it\/de\/damen\/canelli\/#breadcrumb"},"inLanguage":"de","potentialAction":[{"@type":"ReadAction","target":["https:\/\/ultralimited.it\/de\/damen\/canelli\/"]}]},{"@type":"ImageObject","inLanguage":"de","@id":"https:\/\/ultralimited.it\/de\/damen\/canelli\/#primaryimage","url":"https:\/\/ultralimited.it\/wp-content\/uploads\/2024\/08\/ULCANHA.jpg","contentUrl":"https:\/\/ultralimited.it\/wp-content\/uploads\/2024\/08\/ULCANHA.jpg","width":1600,"height":1200},{"@type":"BreadcrumbList","@id":"https:\/\/ultralimited.it\/de\/damen\/canelli\/#breadcrumb","itemListElement":[{"@type":"ListItem","position":1,"name":"Home","item":"https:\/\/ultralimited.it\/de\/"},{"@type":"ListItem","position":2,"name":"Canelli"}]},{"@type":"WebSite","@id":"https:\/\/ultralimited.it\/en\/#website","url":"https:\/\/ultralimited.it\/en\/","name":"Ultra Limited","description":"","potentialAction":[{"@type":"SearchAction","target":{"@type":"EntryPoint","urlTemplate":"https:\/\/ultralimited.it\/en\/?s={search_term_string}"},"query-input":{"@type":"PropertyValueSpecification","valueRequired":true,"valueName":"search_term_string"}}],"inLanguage":"de"}]}},"_links":{"self":[{"href":"https:\/\/ultralimited.it\/de\/wp-json\/wp\/v2\/product\/27556","targetHints":{"allow":["GET"]}}],"collection":[{"href":"https:\/\/ultralimited.it\/de\/wp-json\/wp\/v2\/product"}],"about":[{"href":"https:\/\/ultralimited.it\/de\/wp-json\/wp\/v2\/types\/product"}],"wp:featuredmedia":[{"embeddable":true,"href":"https:\/\/ultralimited.it\/de\/wp-json\/wp\/v2\/media\/27584"}],"wp:attachment":[{"href":"https:\/\/ultralimited.it\/de\/wp-json\/wp\/v2\/media?parent=27556"}],"wp:term":[{"taxonomy":"product_brand","embeddable":true,"href":"https:\/\/ultralimited.it\/de\/wp-json\/wp\/v2\/product_brand?post=27556"},{"taxonomy":"product_cat","embeddable":true,"href":"https:\/\/ultralimited.it\/de\/wp-json\/wp\/v2\/product_cat?post=27556"}],"curies":[{"name":"wp","href":"https:\/\/api.w.org\/{rel}","templated":true}]}}