{"id":27394,"date":"2024-07-31T14:16:54","date_gmt":"2024-07-31T12:16:55","guid":{"rendered":"http:\/\/ultralimited.it\/?post_type=product&#038;p=27394"},"modified":"2025-01-15T16:35:07","modified_gmt":"2025-01-15T15:35:07","slug":"albissola","status":"publish","type":"product","link":"https:\/\/ultralimited.it\/de\/damen\/albissola\/","title":{"rendered":"Albissola"},"content":{"rendered":"<p><span data-sheets-value=\"{\" data-sheets-userformat=\"{\">Brille Albissola von Ultra Limited ist eine Kreation, die durch die Eleganz und den Charme des femininen Designs \u00fcberzeugt. Mit ihrer typischen Cateye-Form betonen diese Brillen nicht nur die Augen, sondern verk\u00f6rpern auch eine elegante und exklusive Pers\u00f6nlichkeit. Das Modell Albissola pr\u00e4sentiert sich mit farbigen Streifen, die das Ergebnis eines komplexen Verarbeitungsprozesses sind. Jede Brille besteht aus 12 Celluloseacetatfolien, die \u00fcber einen Zeitraum von mehr als 41 Tagen mit gr\u00f6\u00dftem handwerklichen K\u00f6nnen verarbeitet werden. Der Prozess umfasst mehrere Phasen, wie die Auswahl, das Verkleben, das Aush\u00e4rten, das Pressen, das Schneiden, das Schleifen, das Feinschleifen und das Polieren. Jede Phase wird mit h\u00f6chster Pr\u00e4zision durchgef\u00fchrt, um f\u00fcr ein Endprodukt zu garantieren, das sich durch seine herausragende Qualit\u00e4t und seine lange Lebensdauer auszeichnet. Die Brillen Albissola werden in Handarbeit von erfahrenen Handwerkern aus dem Distrikt Belluno hergestellt, die Innovation mit Technologie verbinden. Die thermogeformten B\u00fcgel komplettieren das Design mit einer perfekten Kombination aus Komfort und Style. Erh\u00e4ltlich in den 4 exklusiven Farben Bordeaux, Havana, Schwarz und Gestreift. Unabh\u00e4ngig davon, ob Sie Ihrem Alltagslook einen Hauch von Klasse verleihen oder sich f\u00fcr besondere Anl\u00e4sse stylen m\u00f6chten, die Modelle Albissola sind die perfekte Wahl.<\/span><\/p>\n","protected":false},"excerpt":{"rendered":"<p>Brille Albissola von Ultra Limited ist eine Kreation, die durch die Eleganz und den Charme des femininen Designs \u00fcberzeugt. Mit ihrer typischen Cateye-Form betonen diese Brillen nicht nur die Augen, sondern verk\u00f6rpern auch eine elegante und exklusive Pers\u00f6nlichkeit. Das Modell Albissola pr\u00e4sentiert sich mit farbigen Streifen, die das Ergebnis eines komplexen Verarbeitungsprozesses sind. Jede Brille <a href=\"https:\/\/ultralimited.it\/de\/damen\/albissola\/\" class=\"more-link\">&#8230;<\/a><\/p>\n","protected":false},"featured_media":27433,"template":"","meta":{"_acf_changed":false},"product_brand":[],"product_cat":[128,123,120],"class_list":{"0":"post-27394","1":"product","2":"type-product","3":"status-publish","4":"has-post-thumbnail","6":"product_cat-brille","7":"product_cat-brillen","8":"product_cat-damen","10":"first","11":"instock","12":"shipping-taxable","13":"product-type-variable"},"acf":[],"yoast_head":"<!-- This site is optimized with the Yoast SEO plugin v26.4 - https:\/\/yoast.com\/wordpress\/plugins\/seo\/ -->\n<title>Albissola - Ultra Limited<\/title>\n<meta name=\"robots\" content=\"index, follow, max-snippet:-1, max-image-preview:large, max-video-preview:-1\" \/>\n<link rel=\"canonical\" href=\"https:\/\/ultralimited.it\/de\/damen\/albissola\/\" \/>\n<meta property=\"og:locale\" content=\"de_DE\" \/>\n<meta property=\"og:type\" content=\"article\" \/>\n<meta property=\"og:title\" content=\"Albissola - Ultra Limited\" \/>\n<meta property=\"og:description\" content=\"Brille Albissola von Ultra Limited ist eine Kreation, die durch die Eleganz und den Charme des femininen Designs \u00fcberzeugt. Mit ihrer typischen Cateye-Form betonen diese Brillen nicht nur die Augen, sondern verk\u00f6rpern auch eine elegante und exklusive Pers\u00f6nlichkeit. Das Modell Albissola pr\u00e4sentiert sich mit farbigen Streifen, die das Ergebnis eines komplexen Verarbeitungsprozesses sind. Jede Brille ...\" \/>\n<meta property=\"og:url\" content=\"https:\/\/ultralimited.it\/de\/damen\/albissola\/\" \/>\n<meta property=\"og:site_name\" content=\"Ultra Limited\" \/>\n<meta property=\"article:modified_time\" content=\"2025-01-15T15:35:07+00:00\" \/>\n<meta property=\"og:image\" content=\"https:\/\/ultralimited.it\/wp-content\/uploads\/2024\/07\/ULALBBX.jpg\" \/>\n\t<meta property=\"og:image:width\" content=\"1600\" \/>\n\t<meta property=\"og:image:height\" content=\"1200\" \/>\n\t<meta property=\"og:image:type\" content=\"image\/jpeg\" \/>\n<meta name=\"twitter:card\" content=\"summary_large_image\" \/>\n<meta name=\"twitter:label1\" content=\"Gesch\u00e4tzte Lesezeit\" \/>\n\t<meta name=\"twitter:data1\" content=\"2\u00a0Minuten\" \/>\n<script type=\"application\/ld+json\" class=\"yoast-schema-graph\">{\"@context\":\"https:\/\/schema.org\",\"@graph\":[{\"@type\":\"WebPage\",\"@id\":\"https:\/\/ultralimited.it\/de\/damen\/albissola\/\",\"url\":\"https:\/\/ultralimited.it\/de\/damen\/albissola\/\",\"name\":\"Albissola - Ultra Limited\",\"isPartOf\":{\"@id\":\"https:\/\/ultralimited.it\/en\/#website\"},\"primaryImageOfPage\":{\"@id\":\"https:\/\/ultralimited.it\/de\/damen\/albissola\/#primaryimage\"},\"image\":{\"@id\":\"https:\/\/ultralimited.it\/de\/damen\/albissola\/#primaryimage\"},\"thumbnailUrl\":\"https:\/\/ultralimited.it\/wp-content\/uploads\/2024\/07\/ULALBBX.jpg\",\"datePublished\":\"2024-07-31T12:16:55+00:00\",\"dateModified\":\"2025-01-15T15:35:07+00:00\",\"breadcrumb\":{\"@id\":\"https:\/\/ultralimited.it\/de\/damen\/albissola\/#breadcrumb\"},\"inLanguage\":\"de\",\"potentialAction\":[{\"@type\":\"ReadAction\",\"target\":[\"https:\/\/ultralimited.it\/de\/damen\/albissola\/\"]}]},{\"@type\":\"ImageObject\",\"inLanguage\":\"de\",\"@id\":\"https:\/\/ultralimited.it\/de\/damen\/albissola\/#primaryimage\",\"url\":\"https:\/\/ultralimited.it\/wp-content\/uploads\/2024\/07\/ULALBBX.jpg\",\"contentUrl\":\"https:\/\/ultralimited.it\/wp-content\/uploads\/2024\/07\/ULALBBX.jpg\",\"width\":1600,\"height\":1200},{\"@type\":\"BreadcrumbList\",\"@id\":\"https:\/\/ultralimited.it\/de\/damen\/albissola\/#breadcrumb\",\"itemListElement\":[{\"@type\":\"ListItem\",\"position\":1,\"name\":\"Home\",\"item\":\"https:\/\/ultralimited.it\/de\/\"},{\"@type\":\"ListItem\",\"position\":2,\"name\":\"Albissola\"}]},{\"@type\":\"WebSite\",\"@id\":\"https:\/\/ultralimited.it\/en\/#website\",\"url\":\"https:\/\/ultralimited.it\/en\/\",\"name\":\"Ultra Limited\",\"description\":\"\",\"potentialAction\":[{\"@type\":\"SearchAction\",\"target\":{\"@type\":\"EntryPoint\",\"urlTemplate\":\"https:\/\/ultralimited.it\/en\/?s={search_term_string}\"},\"query-input\":{\"@type\":\"PropertyValueSpecification\",\"valueRequired\":true,\"valueName\":\"search_term_string\"}}],\"inLanguage\":\"de\"}]}<\/script>\n<!-- \/ Yoast SEO plugin. -->","yoast_head_json":{"title":"Albissola - Ultra Limited","robots":{"index":"index","follow":"follow","max-snippet":"max-snippet:-1","max-image-preview":"max-image-preview:large","max-video-preview":"max-video-preview:-1"},"canonical":"https:\/\/ultralimited.it\/de\/damen\/albissola\/","og_locale":"de_DE","og_type":"article","og_title":"Albissola - Ultra Limited","og_description":"Brille Albissola von Ultra Limited ist eine Kreation, die durch die Eleganz und den Charme des femininen Designs \u00fcberzeugt. Mit ihrer typischen Cateye-Form betonen diese Brillen nicht nur die Augen, sondern verk\u00f6rpern auch eine elegante und exklusive Pers\u00f6nlichkeit. Das Modell Albissola pr\u00e4sentiert sich mit farbigen Streifen, die das Ergebnis eines komplexen Verarbeitungsprozesses sind. Jede Brille ...","og_url":"https:\/\/ultralimited.it\/de\/damen\/albissola\/","og_site_name":"Ultra Limited","article_modified_time":"2025-01-15T15:35:07+00:00","og_image":[{"width":1600,"height":1200,"url":"https:\/\/ultralimited.it\/wp-content\/uploads\/2024\/07\/ULALBBX.jpg","type":"image\/jpeg"}],"twitter_card":"summary_large_image","twitter_misc":{"Gesch\u00e4tzte Lesezeit":"2\u00a0Minuten"},"schema":{"@context":"https:\/\/schema.org","@graph":[{"@type":"WebPage","@id":"https:\/\/ultralimited.it\/de\/damen\/albissola\/","url":"https:\/\/ultralimited.it\/de\/damen\/albissola\/","name":"Albissola - Ultra Limited","isPartOf":{"@id":"https:\/\/ultralimited.it\/en\/#website"},"primaryImageOfPage":{"@id":"https:\/\/ultralimited.it\/de\/damen\/albissola\/#primaryimage"},"image":{"@id":"https:\/\/ultralimited.it\/de\/damen\/albissola\/#primaryimage"},"thumbnailUrl":"https:\/\/ultralimited.it\/wp-content\/uploads\/2024\/07\/ULALBBX.jpg","datePublished":"2024-07-31T12:16:55+00:00","dateModified":"2025-01-15T15:35:07+00:00","breadcrumb":{"@id":"https:\/\/ultralimited.it\/de\/damen\/albissola\/#breadcrumb"},"inLanguage":"de","potentialAction":[{"@type":"ReadAction","target":["https:\/\/ultralimited.it\/de\/damen\/albissola\/"]}]},{"@type":"ImageObject","inLanguage":"de","@id":"https:\/\/ultralimited.it\/de\/damen\/albissola\/#primaryimage","url":"https:\/\/ultralimited.it\/wp-content\/uploads\/2024\/07\/ULALBBX.jpg","contentUrl":"https:\/\/ultralimited.it\/wp-content\/uploads\/2024\/07\/ULALBBX.jpg","width":1600,"height":1200},{"@type":"BreadcrumbList","@id":"https:\/\/ultralimited.it\/de\/damen\/albissola\/#breadcrumb","itemListElement":[{"@type":"ListItem","position":1,"name":"Home","item":"https:\/\/ultralimited.it\/de\/"},{"@type":"ListItem","position":2,"name":"Albissola"}]},{"@type":"WebSite","@id":"https:\/\/ultralimited.it\/en\/#website","url":"https:\/\/ultralimited.it\/en\/","name":"Ultra Limited","description":"","potentialAction":[{"@type":"SearchAction","target":{"@type":"EntryPoint","urlTemplate":"https:\/\/ultralimited.it\/en\/?s={search_term_string}"},"query-input":{"@type":"PropertyValueSpecification","valueRequired":true,"valueName":"search_term_string"}}],"inLanguage":"de"}]}},"_links":{"self":[{"href":"https:\/\/ultralimited.it\/de\/wp-json\/wp\/v2\/product\/27394","targetHints":{"allow":["GET"]}}],"collection":[{"href":"https:\/\/ultralimited.it\/de\/wp-json\/wp\/v2\/product"}],"about":[{"href":"https:\/\/ultralimited.it\/de\/wp-json\/wp\/v2\/types\/product"}],"wp:featuredmedia":[{"embeddable":true,"href":"https:\/\/ultralimited.it\/de\/wp-json\/wp\/v2\/media\/27433"}],"wp:attachment":[{"href":"https:\/\/ultralimited.it\/de\/wp-json\/wp\/v2\/media?parent=27394"}],"wp:term":[{"taxonomy":"product_brand","embeddable":true,"href":"https:\/\/ultralimited.it\/de\/wp-json\/wp\/v2\/product_brand?post=27394"},{"taxonomy":"product_cat","embeddable":true,"href":"https:\/\/ultralimited.it\/de\/wp-json\/wp\/v2\/product_cat?post=27394"}],"curies":[{"name":"wp","href":"https:\/\/api.w.org\/{rel}","templated":true}]}}