{"id":24600,"date":"2023-03-14T17:56:34","date_gmt":"2023-03-22T18:17:49","guid":{"rendered":"http:\/\/ultralimited.it\/unkategorisiert\/sofia-super\/"},"modified":"2024-03-12T10:35:14","modified_gmt":"2024-03-12T09:35:14","slug":"sofia-super","status":"publish","type":"product","link":"https:\/\/ultralimited.it\/de\/taschen\/sofia-super\/","title":{"rendered":"Sofia Super"},"content":{"rendered":"<p><span data-sheets-value=\"{\" data-sheets-userformat=\"{\">Ultra Limited Reisetasche Modell Sofia Super. Handgefertigt aus vollnarbigem Kalbsleder. Die Tasche kann in der Hand oder, dank des verstellbaren Schulterriemens \u00fcber der Schulter getragen werden. Sie verf\u00fcgt \u00fcber ein gro\u00dfes Fach mit Rei\u00dfverschluss oben und ein Seitenfach. Sie zeichnet sich durch feine Oberfl\u00e4chen aus.<\/span><\/p>\n","protected":false},"excerpt":{"rendered":"<p>Ultra Limited Reisetasche Modell Sofia Super. Handgefertigt aus vollnarbigem Kalbsleder. Die Tasche kann in der Hand oder, dank des verstellbaren Schulterriemens \u00fcber der Schulter getragen werden. Sie verf\u00fcgt \u00fcber ein gro\u00dfes Fach mit Rei\u00dfverschluss oben und ein Seitenfach. Sie zeichnet sich durch feine Oberfl\u00e4chen aus.<\/p>\n","protected":false},"featured_media":21156,"template":"","meta":{"_acf_changed":false},"product_brand":[],"product_cat":[116],"class_list":{"0":"post-24600","1":"product","2":"type-product","3":"status-publish","4":"has-post-thumbnail","6":"product_cat-taschen","8":"first","9":"instock","10":"shipping-taxable","11":"product-type-simple"},"acf":[],"yoast_head":"<!-- This site is optimized with the Yoast SEO plugin v26.4 - https:\/\/yoast.com\/wordpress\/plugins\/seo\/ -->\n<title>Sofia Super - Ultra Limited<\/title>\n<meta name=\"robots\" content=\"index, follow, max-snippet:-1, max-image-preview:large, max-video-preview:-1\" \/>\n<link rel=\"canonical\" href=\"https:\/\/ultralimited.it\/de\/taschen\/sofia-super\/\" \/>\n<meta property=\"og:locale\" content=\"de_DE\" \/>\n<meta property=\"og:type\" content=\"article\" \/>\n<meta property=\"og:title\" content=\"Sofia Super - Ultra Limited\" \/>\n<meta property=\"og:description\" content=\"Ultra Limited Reisetasche Modell Sofia Super. Handgefertigt aus vollnarbigem Kalbsleder. Die Tasche kann in der Hand oder, dank des verstellbaren Schulterriemens \u00fcber der Schulter getragen werden. Sie verf\u00fcgt \u00fcber ein gro\u00dfes Fach mit Rei\u00dfverschluss oben und ein Seitenfach. Sie zeichnet sich durch feine Oberfl\u00e4chen aus.\" \/>\n<meta property=\"og:url\" content=\"https:\/\/ultralimited.it\/de\/taschen\/sofia-super\/\" \/>\n<meta property=\"og:site_name\" content=\"Ultra Limited\" \/>\n<meta property=\"article:modified_time\" content=\"2024-03-12T09:35:14+00:00\" \/>\n<meta property=\"og:image\" content=\"https:\/\/ultralimited.it\/wp-content\/uploads\/2023\/03\/SOFIA-SUPER-RETRO-1.jpg\" \/>\n\t<meta property=\"og:image:width\" content=\"1600\" \/>\n\t<meta property=\"og:image:height\" content=\"1200\" \/>\n\t<meta property=\"og:image:type\" content=\"image\/jpeg\" \/>\n<meta name=\"twitter:card\" content=\"summary_large_image\" \/>\n<meta name=\"twitter:label1\" content=\"Gesch\u00e4tzte Lesezeit\" \/>\n\t<meta name=\"twitter:data1\" content=\"1\u00a0Minute\" \/>\n<script type=\"application\/ld+json\" class=\"yoast-schema-graph\">{\"@context\":\"https:\/\/schema.org\",\"@graph\":[{\"@type\":\"WebPage\",\"@id\":\"https:\/\/ultralimited.it\/de\/taschen\/sofia-super\/\",\"url\":\"https:\/\/ultralimited.it\/de\/taschen\/sofia-super\/\",\"name\":\"Sofia Super - Ultra Limited\",\"isPartOf\":{\"@id\":\"https:\/\/ultralimited.it\/en\/#website\"},\"primaryImageOfPage\":{\"@id\":\"https:\/\/ultralimited.it\/de\/taschen\/sofia-super\/#primaryimage\"},\"image\":{\"@id\":\"https:\/\/ultralimited.it\/de\/taschen\/sofia-super\/#primaryimage\"},\"thumbnailUrl\":\"https:\/\/ultralimited.it\/wp-content\/uploads\/2023\/03\/SOFIA-SUPER-RETRO-1.jpg\",\"datePublished\":\"2023-03-22T18:17:49+00:00\",\"dateModified\":\"2024-03-12T09:35:14+00:00\",\"breadcrumb\":{\"@id\":\"https:\/\/ultralimited.it\/de\/taschen\/sofia-super\/#breadcrumb\"},\"inLanguage\":\"de\",\"potentialAction\":[{\"@type\":\"ReadAction\",\"target\":[\"https:\/\/ultralimited.it\/de\/taschen\/sofia-super\/\"]}]},{\"@type\":\"ImageObject\",\"inLanguage\":\"de\",\"@id\":\"https:\/\/ultralimited.it\/de\/taschen\/sofia-super\/#primaryimage\",\"url\":\"https:\/\/ultralimited.it\/wp-content\/uploads\/2023\/03\/SOFIA-SUPER-RETRO-1.jpg\",\"contentUrl\":\"https:\/\/ultralimited.it\/wp-content\/uploads\/2023\/03\/SOFIA-SUPER-RETRO-1.jpg\",\"width\":1600,\"height\":1200},{\"@type\":\"BreadcrumbList\",\"@id\":\"https:\/\/ultralimited.it\/de\/taschen\/sofia-super\/#breadcrumb\",\"itemListElement\":[{\"@type\":\"ListItem\",\"position\":1,\"name\":\"Home\",\"item\":\"https:\/\/ultralimited.it\/de\/\"},{\"@type\":\"ListItem\",\"position\":2,\"name\":\"Sofia Super\"}]},{\"@type\":\"WebSite\",\"@id\":\"https:\/\/ultralimited.it\/en\/#website\",\"url\":\"https:\/\/ultralimited.it\/en\/\",\"name\":\"Ultra Limited\",\"description\":\"\",\"potentialAction\":[{\"@type\":\"SearchAction\",\"target\":{\"@type\":\"EntryPoint\",\"urlTemplate\":\"https:\/\/ultralimited.it\/en\/?s={search_term_string}\"},\"query-input\":{\"@type\":\"PropertyValueSpecification\",\"valueRequired\":true,\"valueName\":\"search_term_string\"}}],\"inLanguage\":\"de\"}]}<\/script>\n<!-- \/ Yoast SEO plugin. -->","yoast_head_json":{"title":"Sofia Super - Ultra Limited","robots":{"index":"index","follow":"follow","max-snippet":"max-snippet:-1","max-image-preview":"max-image-preview:large","max-video-preview":"max-video-preview:-1"},"canonical":"https:\/\/ultralimited.it\/de\/taschen\/sofia-super\/","og_locale":"de_DE","og_type":"article","og_title":"Sofia Super - Ultra Limited","og_description":"Ultra Limited Reisetasche Modell Sofia Super. Handgefertigt aus vollnarbigem Kalbsleder. Die Tasche kann in der Hand oder, dank des verstellbaren Schulterriemens \u00fcber der Schulter getragen werden. Sie verf\u00fcgt \u00fcber ein gro\u00dfes Fach mit Rei\u00dfverschluss oben und ein Seitenfach. Sie zeichnet sich durch feine Oberfl\u00e4chen aus.","og_url":"https:\/\/ultralimited.it\/de\/taschen\/sofia-super\/","og_site_name":"Ultra Limited","article_modified_time":"2024-03-12T09:35:14+00:00","og_image":[{"width":1600,"height":1200,"url":"https:\/\/ultralimited.it\/wp-content\/uploads\/2023\/03\/SOFIA-SUPER-RETRO-1.jpg","type":"image\/jpeg"}],"twitter_card":"summary_large_image","twitter_misc":{"Gesch\u00e4tzte Lesezeit":"1\u00a0Minute"},"schema":{"@context":"https:\/\/schema.org","@graph":[{"@type":"WebPage","@id":"https:\/\/ultralimited.it\/de\/taschen\/sofia-super\/","url":"https:\/\/ultralimited.it\/de\/taschen\/sofia-super\/","name":"Sofia Super - Ultra Limited","isPartOf":{"@id":"https:\/\/ultralimited.it\/en\/#website"},"primaryImageOfPage":{"@id":"https:\/\/ultralimited.it\/de\/taschen\/sofia-super\/#primaryimage"},"image":{"@id":"https:\/\/ultralimited.it\/de\/taschen\/sofia-super\/#primaryimage"},"thumbnailUrl":"https:\/\/ultralimited.it\/wp-content\/uploads\/2023\/03\/SOFIA-SUPER-RETRO-1.jpg","datePublished":"2023-03-22T18:17:49+00:00","dateModified":"2024-03-12T09:35:14+00:00","breadcrumb":{"@id":"https:\/\/ultralimited.it\/de\/taschen\/sofia-super\/#breadcrumb"},"inLanguage":"de","potentialAction":[{"@type":"ReadAction","target":["https:\/\/ultralimited.it\/de\/taschen\/sofia-super\/"]}]},{"@type":"ImageObject","inLanguage":"de","@id":"https:\/\/ultralimited.it\/de\/taschen\/sofia-super\/#primaryimage","url":"https:\/\/ultralimited.it\/wp-content\/uploads\/2023\/03\/SOFIA-SUPER-RETRO-1.jpg","contentUrl":"https:\/\/ultralimited.it\/wp-content\/uploads\/2023\/03\/SOFIA-SUPER-RETRO-1.jpg","width":1600,"height":1200},{"@type":"BreadcrumbList","@id":"https:\/\/ultralimited.it\/de\/taschen\/sofia-super\/#breadcrumb","itemListElement":[{"@type":"ListItem","position":1,"name":"Home","item":"https:\/\/ultralimited.it\/de\/"},{"@type":"ListItem","position":2,"name":"Sofia Super"}]},{"@type":"WebSite","@id":"https:\/\/ultralimited.it\/en\/#website","url":"https:\/\/ultralimited.it\/en\/","name":"Ultra Limited","description":"","potentialAction":[{"@type":"SearchAction","target":{"@type":"EntryPoint","urlTemplate":"https:\/\/ultralimited.it\/en\/?s={search_term_string}"},"query-input":{"@type":"PropertyValueSpecification","valueRequired":true,"valueName":"search_term_string"}}],"inLanguage":"de"}]}},"_links":{"self":[{"href":"https:\/\/ultralimited.it\/de\/wp-json\/wp\/v2\/product\/24600","targetHints":{"allow":["GET"]}}],"collection":[{"href":"https:\/\/ultralimited.it\/de\/wp-json\/wp\/v2\/product"}],"about":[{"href":"https:\/\/ultralimited.it\/de\/wp-json\/wp\/v2\/types\/product"}],"wp:featuredmedia":[{"embeddable":true,"href":"https:\/\/ultralimited.it\/de\/wp-json\/wp\/v2\/media\/21156"}],"wp:attachment":[{"href":"https:\/\/ultralimited.it\/de\/wp-json\/wp\/v2\/media?parent=24600"}],"wp:term":[{"taxonomy":"product_brand","embeddable":true,"href":"https:\/\/ultralimited.it\/de\/wp-json\/wp\/v2\/product_brand?post=24600"},{"taxonomy":"product_cat","embeddable":true,"href":"https:\/\/ultralimited.it\/de\/wp-json\/wp\/v2\/product_cat?post=24600"}],"curies":[{"name":"wp","href":"https:\/\/api.w.org\/{rel}","templated":true}]}}