{"id":24231,"date":"2023-03-06T21:12:02","date_gmt":"2023-03-21T17:20:01","guid":{"rendered":"http:\/\/ultralimited.it\/unkategorisiert\/busca\/"},"modified":"2024-07-09T16:54:55","modified_gmt":"2024-07-09T14:54:55","slug":"busca","status":"publish","type":"product","link":"https:\/\/ultralimited.it\/de\/brillen\/busca\/","title":{"rendered":"Busca"},"content":{"rendered":"<p>Die Brillen Busca von Ultra Limited sind ein herausragendes Beispiel f\u00fcr ein lebhaftes und innovatives Design. Die rechteckige Fassung ist durch eine gewagte Kombination von Farben charakterisiert, die in waagrechten Streifen angeordnet sind und einen einzigartigen visuellen Effekt schaffen. Das Brillengestell besteht aus Celluloseacetat, ein hochwertiges Material, das sich durch<br \/>\nseine Dauerhaftigkeit und seinen Komfort auszeichnet. Jede Brille Busca ist das Ergebnis eines sorgf\u00e4ltigen handwerklichen Prozesses, der mehr als 41 Tage in Anspruch nimmt und verschiedene Verarbeitungsphasen umfasst, wie die Auswahl, das Verkleben, das Aush\u00e4rten, das Pressen, das Brennen, das Schneiden, das Schleifen, das Feinschleifen und das Polieren. Diese extrem gro\u00dfe Aufmerksamkeit f\u00fcr das Detail und der Einsatz hochmoderner Technologien garantieren daf\u00fcr, dass jede Brille ein wahres Kunstwerk ist, das Tradition mit Innovation verbindet, um ein einzigartiges High-Fashion-Accessoire zu schaffen.<\/p>\n","protected":false},"excerpt":{"rendered":"<p>Die Brillen Busca von Ultra Limited sind ein herausragendes Beispiel f\u00fcr ein lebhaftes und innovatives Design. Die rechteckige Fassung ist durch eine gewagte Kombination von Farben charakterisiert, die in waagrechten Streifen angeordnet sind und einen einzigartigen visuellen Effekt schaffen. Das Brillengestell besteht aus Celluloseacetat, ein hochwertiges Material, das sich durch seine Dauerhaftigkeit und seinen Komfort <a href=\"https:\/\/ultralimited.it\/de\/brillen\/busca\/\" class=\"more-link\">&#8230;<\/a><\/p>\n","protected":false},"featured_media":18957,"template":"","meta":{"_acf_changed":false},"product_brand":[],"product_cat":[128,123,130],"class_list":{"0":"post-24231","1":"product","2":"type-product","3":"status-publish","4":"has-post-thumbnail","6":"product_cat-brille","7":"product_cat-brillen","8":"product_cat-herren","10":"first","11":"instock","12":"shipping-taxable","13":"product-type-variable"},"acf":[],"yoast_head":"<!-- This site is optimized with the Yoast SEO plugin v26.4 - https:\/\/yoast.com\/wordpress\/plugins\/seo\/ -->\n<title>Busca - Ultra Limited<\/title>\n<meta name=\"robots\" content=\"index, follow, max-snippet:-1, max-image-preview:large, max-video-preview:-1\" \/>\n<link rel=\"canonical\" href=\"https:\/\/ultralimited.it\/de\/brillen\/busca\/\" \/>\n<meta property=\"og:locale\" content=\"de_DE\" \/>\n<meta property=\"og:type\" content=\"article\" \/>\n<meta property=\"og:title\" content=\"Busca - Ultra Limited\" \/>\n<meta property=\"og:description\" content=\"Die Brillen Busca von Ultra Limited sind ein herausragendes Beispiel f\u00fcr ein lebhaftes und innovatives Design. Die rechteckige Fassung ist durch eine gewagte Kombination von Farben charakterisiert, die in waagrechten Streifen angeordnet sind und einen einzigartigen visuellen Effekt schaffen. Das Brillengestell besteht aus Celluloseacetat, ein hochwertiges Material, das sich durch seine Dauerhaftigkeit und seinen Komfort ...\" \/>\n<meta property=\"og:url\" content=\"https:\/\/ultralimited.it\/de\/brillen\/busca\/\" \/>\n<meta property=\"og:site_name\" content=\"Ultra Limited\" \/>\n<meta property=\"article:modified_time\" content=\"2024-07-09T14:54:55+00:00\" \/>\n<meta property=\"og:image\" content=\"https:\/\/ultralimited.it\/wp-content\/uploads\/2023\/03\/BUSCA-BLU-FR.jpg\" \/>\n\t<meta property=\"og:image:width\" content=\"1600\" \/>\n\t<meta property=\"og:image:height\" content=\"1200\" \/>\n\t<meta property=\"og:image:type\" content=\"image\/jpeg\" \/>\n<meta name=\"twitter:card\" content=\"summary_large_image\" \/>\n<meta name=\"twitter:label1\" content=\"Gesch\u00e4tzte Lesezeit\" \/>\n\t<meta name=\"twitter:data1\" content=\"1\u00a0Minute\" \/>\n<script type=\"application\/ld+json\" class=\"yoast-schema-graph\">{\"@context\":\"https:\/\/schema.org\",\"@graph\":[{\"@type\":\"WebPage\",\"@id\":\"https:\/\/ultralimited.it\/de\/brillen\/busca\/\",\"url\":\"https:\/\/ultralimited.it\/de\/brillen\/busca\/\",\"name\":\"Busca - Ultra Limited\",\"isPartOf\":{\"@id\":\"https:\/\/ultralimited.it\/en\/#website\"},\"primaryImageOfPage\":{\"@id\":\"https:\/\/ultralimited.it\/de\/brillen\/busca\/#primaryimage\"},\"image\":{\"@id\":\"https:\/\/ultralimited.it\/de\/brillen\/busca\/#primaryimage\"},\"thumbnailUrl\":\"https:\/\/ultralimited.it\/wp-content\/uploads\/2023\/03\/BUSCA-BLU-FR.jpg\",\"datePublished\":\"2023-03-21T17:20:01+00:00\",\"dateModified\":\"2024-07-09T14:54:55+00:00\",\"breadcrumb\":{\"@id\":\"https:\/\/ultralimited.it\/de\/brillen\/busca\/#breadcrumb\"},\"inLanguage\":\"de\",\"potentialAction\":[{\"@type\":\"ReadAction\",\"target\":[\"https:\/\/ultralimited.it\/de\/brillen\/busca\/\"]}]},{\"@type\":\"ImageObject\",\"inLanguage\":\"de\",\"@id\":\"https:\/\/ultralimited.it\/de\/brillen\/busca\/#primaryimage\",\"url\":\"https:\/\/ultralimited.it\/wp-content\/uploads\/2023\/03\/BUSCA-BLU-FR.jpg\",\"contentUrl\":\"https:\/\/ultralimited.it\/wp-content\/uploads\/2023\/03\/BUSCA-BLU-FR.jpg\",\"width\":1600,\"height\":1200},{\"@type\":\"BreadcrumbList\",\"@id\":\"https:\/\/ultralimited.it\/de\/brillen\/busca\/#breadcrumb\",\"itemListElement\":[{\"@type\":\"ListItem\",\"position\":1,\"name\":\"Home\",\"item\":\"https:\/\/ultralimited.it\/de\/\"},{\"@type\":\"ListItem\",\"position\":2,\"name\":\"Busca\"}]},{\"@type\":\"WebSite\",\"@id\":\"https:\/\/ultralimited.it\/en\/#website\",\"url\":\"https:\/\/ultralimited.it\/en\/\",\"name\":\"Ultra Limited\",\"description\":\"\",\"potentialAction\":[{\"@type\":\"SearchAction\",\"target\":{\"@type\":\"EntryPoint\",\"urlTemplate\":\"https:\/\/ultralimited.it\/en\/?s={search_term_string}\"},\"query-input\":{\"@type\":\"PropertyValueSpecification\",\"valueRequired\":true,\"valueName\":\"search_term_string\"}}],\"inLanguage\":\"de\"}]}<\/script>\n<!-- \/ Yoast SEO plugin. -->","yoast_head_json":{"title":"Busca - Ultra Limited","robots":{"index":"index","follow":"follow","max-snippet":"max-snippet:-1","max-image-preview":"max-image-preview:large","max-video-preview":"max-video-preview:-1"},"canonical":"https:\/\/ultralimited.it\/de\/brillen\/busca\/","og_locale":"de_DE","og_type":"article","og_title":"Busca - Ultra Limited","og_description":"Die Brillen Busca von Ultra Limited sind ein herausragendes Beispiel f\u00fcr ein lebhaftes und innovatives Design. Die rechteckige Fassung ist durch eine gewagte Kombination von Farben charakterisiert, die in waagrechten Streifen angeordnet sind und einen einzigartigen visuellen Effekt schaffen. Das Brillengestell besteht aus Celluloseacetat, ein hochwertiges Material, das sich durch seine Dauerhaftigkeit und seinen Komfort ...","og_url":"https:\/\/ultralimited.it\/de\/brillen\/busca\/","og_site_name":"Ultra Limited","article_modified_time":"2024-07-09T14:54:55+00:00","og_image":[{"width":1600,"height":1200,"url":"https:\/\/ultralimited.it\/wp-content\/uploads\/2023\/03\/BUSCA-BLU-FR.jpg","type":"image\/jpeg"}],"twitter_card":"summary_large_image","twitter_misc":{"Gesch\u00e4tzte Lesezeit":"1\u00a0Minute"},"schema":{"@context":"https:\/\/schema.org","@graph":[{"@type":"WebPage","@id":"https:\/\/ultralimited.it\/de\/brillen\/busca\/","url":"https:\/\/ultralimited.it\/de\/brillen\/busca\/","name":"Busca - Ultra Limited","isPartOf":{"@id":"https:\/\/ultralimited.it\/en\/#website"},"primaryImageOfPage":{"@id":"https:\/\/ultralimited.it\/de\/brillen\/busca\/#primaryimage"},"image":{"@id":"https:\/\/ultralimited.it\/de\/brillen\/busca\/#primaryimage"},"thumbnailUrl":"https:\/\/ultralimited.it\/wp-content\/uploads\/2023\/03\/BUSCA-BLU-FR.jpg","datePublished":"2023-03-21T17:20:01+00:00","dateModified":"2024-07-09T14:54:55+00:00","breadcrumb":{"@id":"https:\/\/ultralimited.it\/de\/brillen\/busca\/#breadcrumb"},"inLanguage":"de","potentialAction":[{"@type":"ReadAction","target":["https:\/\/ultralimited.it\/de\/brillen\/busca\/"]}]},{"@type":"ImageObject","inLanguage":"de","@id":"https:\/\/ultralimited.it\/de\/brillen\/busca\/#primaryimage","url":"https:\/\/ultralimited.it\/wp-content\/uploads\/2023\/03\/BUSCA-BLU-FR.jpg","contentUrl":"https:\/\/ultralimited.it\/wp-content\/uploads\/2023\/03\/BUSCA-BLU-FR.jpg","width":1600,"height":1200},{"@type":"BreadcrumbList","@id":"https:\/\/ultralimited.it\/de\/brillen\/busca\/#breadcrumb","itemListElement":[{"@type":"ListItem","position":1,"name":"Home","item":"https:\/\/ultralimited.it\/de\/"},{"@type":"ListItem","position":2,"name":"Busca"}]},{"@type":"WebSite","@id":"https:\/\/ultralimited.it\/en\/#website","url":"https:\/\/ultralimited.it\/en\/","name":"Ultra Limited","description":"","potentialAction":[{"@type":"SearchAction","target":{"@type":"EntryPoint","urlTemplate":"https:\/\/ultralimited.it\/en\/?s={search_term_string}"},"query-input":{"@type":"PropertyValueSpecification","valueRequired":true,"valueName":"search_term_string"}}],"inLanguage":"de"}]}},"_links":{"self":[{"href":"https:\/\/ultralimited.it\/de\/wp-json\/wp\/v2\/product\/24231","targetHints":{"allow":["GET"]}}],"collection":[{"href":"https:\/\/ultralimited.it\/de\/wp-json\/wp\/v2\/product"}],"about":[{"href":"https:\/\/ultralimited.it\/de\/wp-json\/wp\/v2\/types\/product"}],"wp:featuredmedia":[{"embeddable":true,"href":"https:\/\/ultralimited.it\/de\/wp-json\/wp\/v2\/media\/18957"}],"wp:attachment":[{"href":"https:\/\/ultralimited.it\/de\/wp-json\/wp\/v2\/media?parent=24231"}],"wp:term":[{"taxonomy":"product_brand","embeddable":true,"href":"https:\/\/ultralimited.it\/de\/wp-json\/wp\/v2\/product_brand?post=24231"},{"taxonomy":"product_cat","embeddable":true,"href":"https:\/\/ultralimited.it\/de\/wp-json\/wp\/v2\/product_cat?post=24231"}],"curies":[{"name":"wp","href":"https:\/\/api.w.org\/{rel}","templated":true}]}}