{"id":24149,"date":"2023-03-07T14:19:03","date_gmt":"2023-03-21T17:11:55","guid":{"rendered":"http:\/\/ultralimited.it\/unkategorisiert\/alicudi\/"},"modified":"2024-07-09T16:57:48","modified_gmt":"2024-07-09T14:57:48","slug":"alicudi","status":"publish","type":"product","link":"https:\/\/ultralimited.it\/de\/brillen\/alicudi\/","title":{"rendered":"Alicudi"},"content":{"rendered":"<p>Das Modell Alicudi zeichnet sich durch sein unverwechselbares und exklusives Design aus. Die Brillenfassung ist durch ihre rechteckige Form charakterisiert, die an den Ecken leicht abgerundet ist und einen modernen Look auf perfekte Weise mit extremem Tragekomfort verbindet. Die perfekte L\u00f6sung f\u00fcr alle, die auf der Suche nach einem Accessoire sind, das Eleganz mit Einzigartigkeit verbindet. Diese Brillen sind ideal f\u00fcr den Alltag, aber auch ein exklusives Accessoire f\u00fcr besondere Anl\u00e4sse und harmonieren perfekt mit den unterschiedlichsten Looks, von casual bis f\u00f6rmlich. F\u00fcr diese Brille werden ungef\u00e4hr 10 farbige Acetatfolien verarbeitet, die ihnen ihr einzigartiges Design verleihen. Verlieren Sie keine Zeit und entscheiden Sie sich jetzt mit dem Modell Alicudi f\u00fcr ein Seherlebnis, das alles andere als gew\u00f6hnlich ist.<\/p>\n","protected":false},"excerpt":{"rendered":"<p>Das Modell Alicudi zeichnet sich durch sein unverwechselbares und exklusives Design aus. Die Brillenfassung ist durch ihre rechteckige Form charakterisiert, die an den Ecken leicht abgerundet ist und einen modernen Look auf perfekte Weise mit extremem Tragekomfort verbindet. Die perfekte L\u00f6sung f\u00fcr alle, die auf der Suche nach einem Accessoire sind, das Eleganz mit Einzigartigkeit <a href=\"https:\/\/ultralimited.it\/de\/brillen\/alicudi\/\" class=\"more-link\">&#8230;<\/a><\/p>\n","protected":false},"featured_media":18751,"template":"","meta":{"_acf_changed":false},"product_brand":[],"product_cat":[128,123,130],"class_list":{"0":"post-24149","1":"product","2":"type-product","3":"status-publish","4":"has-post-thumbnail","6":"product_cat-brille","7":"product_cat-brillen","8":"product_cat-herren","10":"first","11":"instock","12":"shipping-taxable","13":"product-type-variable"},"acf":[],"yoast_head":"<!-- This site is optimized with the Yoast SEO plugin v26.4 - https:\/\/yoast.com\/wordpress\/plugins\/seo\/ -->\n<title>Alicudi - Ultra Limited<\/title>\n<meta name=\"robots\" content=\"index, follow, max-snippet:-1, max-image-preview:large, max-video-preview:-1\" \/>\n<link rel=\"canonical\" href=\"https:\/\/ultralimited.it\/de\/brillen\/alicudi\/\" \/>\n<meta property=\"og:locale\" content=\"de_DE\" \/>\n<meta property=\"og:type\" content=\"article\" \/>\n<meta property=\"og:title\" content=\"Alicudi - Ultra Limited\" \/>\n<meta property=\"og:description\" content=\"Das Modell Alicudi zeichnet sich durch sein unverwechselbares und exklusives Design aus. Die Brillenfassung ist durch ihre rechteckige Form charakterisiert, die an den Ecken leicht abgerundet ist und einen modernen Look auf perfekte Weise mit extremem Tragekomfort verbindet. Die perfekte L\u00f6sung f\u00fcr alle, die auf der Suche nach einem Accessoire sind, das Eleganz mit Einzigartigkeit ...\" \/>\n<meta property=\"og:url\" content=\"https:\/\/ultralimited.it\/de\/brillen\/alicudi\/\" \/>\n<meta property=\"og:site_name\" content=\"Ultra Limited\" \/>\n<meta property=\"article:modified_time\" content=\"2024-07-09T14:57:48+00:00\" \/>\n<meta property=\"og:image\" content=\"https:\/\/ultralimited.it\/wp-content\/uploads\/2023\/03\/ALICUDI-NERO-SPAZ.jpg\" \/>\n\t<meta property=\"og:image:width\" content=\"1600\" \/>\n\t<meta property=\"og:image:height\" content=\"1200\" \/>\n\t<meta property=\"og:image:type\" content=\"image\/jpeg\" \/>\n<meta name=\"twitter:card\" content=\"summary_large_image\" \/>\n<meta name=\"twitter:label1\" content=\"Gesch\u00e4tzte Lesezeit\" \/>\n\t<meta name=\"twitter:data1\" content=\"1\u00a0Minute\" \/>\n<script type=\"application\/ld+json\" class=\"yoast-schema-graph\">{\"@context\":\"https:\/\/schema.org\",\"@graph\":[{\"@type\":\"WebPage\",\"@id\":\"https:\/\/ultralimited.it\/de\/brillen\/alicudi\/\",\"url\":\"https:\/\/ultralimited.it\/de\/brillen\/alicudi\/\",\"name\":\"Alicudi - Ultra Limited\",\"isPartOf\":{\"@id\":\"https:\/\/ultralimited.it\/en\/#website\"},\"primaryImageOfPage\":{\"@id\":\"https:\/\/ultralimited.it\/de\/brillen\/alicudi\/#primaryimage\"},\"image\":{\"@id\":\"https:\/\/ultralimited.it\/de\/brillen\/alicudi\/#primaryimage\"},\"thumbnailUrl\":\"https:\/\/ultralimited.it\/wp-content\/uploads\/2023\/03\/ALICUDI-NERO-SPAZ.jpg\",\"datePublished\":\"2023-03-21T17:11:55+00:00\",\"dateModified\":\"2024-07-09T14:57:48+00:00\",\"breadcrumb\":{\"@id\":\"https:\/\/ultralimited.it\/de\/brillen\/alicudi\/#breadcrumb\"},\"inLanguage\":\"de\",\"potentialAction\":[{\"@type\":\"ReadAction\",\"target\":[\"https:\/\/ultralimited.it\/de\/brillen\/alicudi\/\"]}]},{\"@type\":\"ImageObject\",\"inLanguage\":\"de\",\"@id\":\"https:\/\/ultralimited.it\/de\/brillen\/alicudi\/#primaryimage\",\"url\":\"https:\/\/ultralimited.it\/wp-content\/uploads\/2023\/03\/ALICUDI-NERO-SPAZ.jpg\",\"contentUrl\":\"https:\/\/ultralimited.it\/wp-content\/uploads\/2023\/03\/ALICUDI-NERO-SPAZ.jpg\",\"width\":1600,\"height\":1200},{\"@type\":\"BreadcrumbList\",\"@id\":\"https:\/\/ultralimited.it\/de\/brillen\/alicudi\/#breadcrumb\",\"itemListElement\":[{\"@type\":\"ListItem\",\"position\":1,\"name\":\"Home\",\"item\":\"https:\/\/ultralimited.it\/de\/\"},{\"@type\":\"ListItem\",\"position\":2,\"name\":\"Alicudi\"}]},{\"@type\":\"WebSite\",\"@id\":\"https:\/\/ultralimited.it\/en\/#website\",\"url\":\"https:\/\/ultralimited.it\/en\/\",\"name\":\"Ultra Limited\",\"description\":\"\",\"potentialAction\":[{\"@type\":\"SearchAction\",\"target\":{\"@type\":\"EntryPoint\",\"urlTemplate\":\"https:\/\/ultralimited.it\/en\/?s={search_term_string}\"},\"query-input\":{\"@type\":\"PropertyValueSpecification\",\"valueRequired\":true,\"valueName\":\"search_term_string\"}}],\"inLanguage\":\"de\"}]}<\/script>\n<!-- \/ Yoast SEO plugin. -->","yoast_head_json":{"title":"Alicudi - Ultra Limited","robots":{"index":"index","follow":"follow","max-snippet":"max-snippet:-1","max-image-preview":"max-image-preview:large","max-video-preview":"max-video-preview:-1"},"canonical":"https:\/\/ultralimited.it\/de\/brillen\/alicudi\/","og_locale":"de_DE","og_type":"article","og_title":"Alicudi - Ultra Limited","og_description":"Das Modell Alicudi zeichnet sich durch sein unverwechselbares und exklusives Design aus. Die Brillenfassung ist durch ihre rechteckige Form charakterisiert, die an den Ecken leicht abgerundet ist und einen modernen Look auf perfekte Weise mit extremem Tragekomfort verbindet. Die perfekte L\u00f6sung f\u00fcr alle, die auf der Suche nach einem Accessoire sind, das Eleganz mit Einzigartigkeit ...","og_url":"https:\/\/ultralimited.it\/de\/brillen\/alicudi\/","og_site_name":"Ultra Limited","article_modified_time":"2024-07-09T14:57:48+00:00","og_image":[{"width":1600,"height":1200,"url":"https:\/\/ultralimited.it\/wp-content\/uploads\/2023\/03\/ALICUDI-NERO-SPAZ.jpg","type":"image\/jpeg"}],"twitter_card":"summary_large_image","twitter_misc":{"Gesch\u00e4tzte Lesezeit":"1\u00a0Minute"},"schema":{"@context":"https:\/\/schema.org","@graph":[{"@type":"WebPage","@id":"https:\/\/ultralimited.it\/de\/brillen\/alicudi\/","url":"https:\/\/ultralimited.it\/de\/brillen\/alicudi\/","name":"Alicudi - Ultra Limited","isPartOf":{"@id":"https:\/\/ultralimited.it\/en\/#website"},"primaryImageOfPage":{"@id":"https:\/\/ultralimited.it\/de\/brillen\/alicudi\/#primaryimage"},"image":{"@id":"https:\/\/ultralimited.it\/de\/brillen\/alicudi\/#primaryimage"},"thumbnailUrl":"https:\/\/ultralimited.it\/wp-content\/uploads\/2023\/03\/ALICUDI-NERO-SPAZ.jpg","datePublished":"2023-03-21T17:11:55+00:00","dateModified":"2024-07-09T14:57:48+00:00","breadcrumb":{"@id":"https:\/\/ultralimited.it\/de\/brillen\/alicudi\/#breadcrumb"},"inLanguage":"de","potentialAction":[{"@type":"ReadAction","target":["https:\/\/ultralimited.it\/de\/brillen\/alicudi\/"]}]},{"@type":"ImageObject","inLanguage":"de","@id":"https:\/\/ultralimited.it\/de\/brillen\/alicudi\/#primaryimage","url":"https:\/\/ultralimited.it\/wp-content\/uploads\/2023\/03\/ALICUDI-NERO-SPAZ.jpg","contentUrl":"https:\/\/ultralimited.it\/wp-content\/uploads\/2023\/03\/ALICUDI-NERO-SPAZ.jpg","width":1600,"height":1200},{"@type":"BreadcrumbList","@id":"https:\/\/ultralimited.it\/de\/brillen\/alicudi\/#breadcrumb","itemListElement":[{"@type":"ListItem","position":1,"name":"Home","item":"https:\/\/ultralimited.it\/de\/"},{"@type":"ListItem","position":2,"name":"Alicudi"}]},{"@type":"WebSite","@id":"https:\/\/ultralimited.it\/en\/#website","url":"https:\/\/ultralimited.it\/en\/","name":"Ultra Limited","description":"","potentialAction":[{"@type":"SearchAction","target":{"@type":"EntryPoint","urlTemplate":"https:\/\/ultralimited.it\/en\/?s={search_term_string}"},"query-input":{"@type":"PropertyValueSpecification","valueRequired":true,"valueName":"search_term_string"}}],"inLanguage":"de"}]}},"_links":{"self":[{"href":"https:\/\/ultralimited.it\/de\/wp-json\/wp\/v2\/product\/24149","targetHints":{"allow":["GET"]}}],"collection":[{"href":"https:\/\/ultralimited.it\/de\/wp-json\/wp\/v2\/product"}],"about":[{"href":"https:\/\/ultralimited.it\/de\/wp-json\/wp\/v2\/types\/product"}],"wp:featuredmedia":[{"embeddable":true,"href":"https:\/\/ultralimited.it\/de\/wp-json\/wp\/v2\/media\/18751"}],"wp:attachment":[{"href":"https:\/\/ultralimited.it\/de\/wp-json\/wp\/v2\/media?parent=24149"}],"wp:term":[{"taxonomy":"product_brand","embeddable":true,"href":"https:\/\/ultralimited.it\/de\/wp-json\/wp\/v2\/product_brand?post=24149"},{"taxonomy":"product_cat","embeddable":true,"href":"https:\/\/ultralimited.it\/de\/wp-json\/wp\/v2\/product_cat?post=24149"}],"curies":[{"name":"wp","href":"https:\/\/api.w.org\/{rel}","templated":true}]}}