{"id":24014,"date":"2023-03-07T22:10:28","date_gmt":"2023-03-21T15:02:09","guid":{"rendered":"http:\/\/ultralimited.it\/unkategorisiert\/forli\/"},"modified":"2024-07-09T16:51:40","modified_gmt":"2024-07-09T14:51:40","slug":"forli","status":"publish","type":"product","link":"https:\/\/ultralimited.it\/de\/damen\/forli\/","title":{"rendered":"Forl\u00ec"},"content":{"rendered":"<p>Die Brillen Forl\u00ec von Ultra Limited sind eine Symphonie der Farben und Linien, die zu einem einzigartigen Accessoire verschmelzen und jedem Look eine ganz besondere Note verleihen. Das extrem ansprechende Design der Brillen besticht mit einer Kombination aus kr\u00e4ftigen Farben, die einen \u00fcberraschenden und dynamischen visuellen Effekt schaffen. Das stabile Gestell und die Aufmerksamkeit f\u00fcr die Details machen diese Brillen nicht nur zu einem modischen Accessoire, sondern auch zu einem Beispiel der hohen Handwerkskunst. Das Modell Forl\u00ec besteht aus 12 Celluloseacetatfolien, die \u00fcber einen Zeitraum von mehr als<br \/>\n41 Tagen in verschiedenen Phasen mit gr\u00f6\u00dfter Sorgfalt verarbeitet werden, von der Auswahl \u00fcber das Verkleben, das Aush\u00e4rten, das Pressen, das Brennen und das Schneiden bis zum Schleifen, Feinschleifen und Polieren. Entdecken Sie das Modell Forl\u00ec von Ultra Limited.<\/p>\n","protected":false},"excerpt":{"rendered":"<p>Die Brillen Forl\u00ec von Ultra Limited sind eine Symphonie der Farben und Linien, die zu einem einzigartigen Accessoire verschmelzen und jedem Look eine ganz besondere Note verleihen. Das extrem ansprechende Design der Brillen besticht mit einer Kombination aus kr\u00e4ftigen Farben, die einen \u00fcberraschenden und dynamischen visuellen Effekt schaffen. Das stabile Gestell und die Aufmerksamkeit f\u00fcr <a href=\"https:\/\/ultralimited.it\/de\/damen\/forli\/\" class=\"more-link\">&#8230;<\/a><\/p>\n","protected":false},"featured_media":19215,"template":"","meta":{"_acf_changed":false},"product_brand":[],"product_cat":[128,123,120,130],"class_list":{"0":"post-24014","1":"product","2":"type-product","3":"status-publish","4":"has-post-thumbnail","6":"product_cat-brille","7":"product_cat-brillen","8":"product_cat-damen","9":"product_cat-herren","11":"first","12":"instock","13":"shipping-taxable","14":"product-type-variable"},"acf":[],"yoast_head":"<!-- This site is optimized with the Yoast SEO plugin v26.4 - https:\/\/yoast.com\/wordpress\/plugins\/seo\/ -->\n<title>Forl\u00ec - Ultra Limited<\/title>\n<meta name=\"robots\" content=\"index, follow, max-snippet:-1, max-image-preview:large, max-video-preview:-1\" \/>\n<link rel=\"canonical\" href=\"https:\/\/ultralimited.it\/de\/damen\/forli\/\" \/>\n<meta property=\"og:locale\" content=\"de_DE\" \/>\n<meta property=\"og:type\" content=\"article\" \/>\n<meta property=\"og:title\" content=\"Forl\u00ec - Ultra Limited\" \/>\n<meta property=\"og:description\" content=\"Die Brillen Forl\u00ec von Ultra Limited sind eine Symphonie der Farben und Linien, die zu einem einzigartigen Accessoire verschmelzen und jedem Look eine ganz besondere Note verleihen. Das extrem ansprechende Design der Brillen besticht mit einer Kombination aus kr\u00e4ftigen Farben, die einen \u00fcberraschenden und dynamischen visuellen Effekt schaffen. Das stabile Gestell und die Aufmerksamkeit f\u00fcr ...\" \/>\n<meta property=\"og:url\" content=\"https:\/\/ultralimited.it\/de\/damen\/forli\/\" \/>\n<meta property=\"og:site_name\" content=\"Ultra Limited\" \/>\n<meta property=\"article:modified_time\" content=\"2024-07-09T14:51:40+00:00\" \/>\n<meta property=\"og:image\" content=\"https:\/\/ultralimited.it\/wp-content\/uploads\/2023\/03\/FORLI-FRONTALE.jpg\" \/>\n\t<meta property=\"og:image:width\" content=\"1600\" \/>\n\t<meta property=\"og:image:height\" content=\"1059\" \/>\n\t<meta property=\"og:image:type\" content=\"image\/jpeg\" \/>\n<meta name=\"twitter:card\" content=\"summary_large_image\" \/>\n<meta name=\"twitter:label1\" content=\"Gesch\u00e4tzte Lesezeit\" \/>\n\t<meta name=\"twitter:data1\" content=\"1\u00a0Minute\" \/>\n<script type=\"application\/ld+json\" class=\"yoast-schema-graph\">{\"@context\":\"https:\/\/schema.org\",\"@graph\":[{\"@type\":\"WebPage\",\"@id\":\"https:\/\/ultralimited.it\/de\/damen\/forli\/\",\"url\":\"https:\/\/ultralimited.it\/de\/damen\/forli\/\",\"name\":\"Forl\u00ec - Ultra Limited\",\"isPartOf\":{\"@id\":\"https:\/\/ultralimited.it\/en\/#website\"},\"primaryImageOfPage\":{\"@id\":\"https:\/\/ultralimited.it\/de\/damen\/forli\/#primaryimage\"},\"image\":{\"@id\":\"https:\/\/ultralimited.it\/de\/damen\/forli\/#primaryimage\"},\"thumbnailUrl\":\"https:\/\/ultralimited.it\/wp-content\/uploads\/2023\/03\/FORLI-FRONTALE.jpg\",\"datePublished\":\"2023-03-21T15:02:09+00:00\",\"dateModified\":\"2024-07-09T14:51:40+00:00\",\"breadcrumb\":{\"@id\":\"https:\/\/ultralimited.it\/de\/damen\/forli\/#breadcrumb\"},\"inLanguage\":\"de\",\"potentialAction\":[{\"@type\":\"ReadAction\",\"target\":[\"https:\/\/ultralimited.it\/de\/damen\/forli\/\"]}]},{\"@type\":\"ImageObject\",\"inLanguage\":\"de\",\"@id\":\"https:\/\/ultralimited.it\/de\/damen\/forli\/#primaryimage\",\"url\":\"https:\/\/ultralimited.it\/wp-content\/uploads\/2023\/03\/FORLI-FRONTALE.jpg\",\"contentUrl\":\"https:\/\/ultralimited.it\/wp-content\/uploads\/2023\/03\/FORLI-FRONTALE.jpg\",\"width\":1600,\"height\":1059},{\"@type\":\"BreadcrumbList\",\"@id\":\"https:\/\/ultralimited.it\/de\/damen\/forli\/#breadcrumb\",\"itemListElement\":[{\"@type\":\"ListItem\",\"position\":1,\"name\":\"Home\",\"item\":\"https:\/\/ultralimited.it\/de\/\"},{\"@type\":\"ListItem\",\"position\":2,\"name\":\"Forl\u00ec\"}]},{\"@type\":\"WebSite\",\"@id\":\"https:\/\/ultralimited.it\/en\/#website\",\"url\":\"https:\/\/ultralimited.it\/en\/\",\"name\":\"Ultra Limited\",\"description\":\"\",\"potentialAction\":[{\"@type\":\"SearchAction\",\"target\":{\"@type\":\"EntryPoint\",\"urlTemplate\":\"https:\/\/ultralimited.it\/en\/?s={search_term_string}\"},\"query-input\":{\"@type\":\"PropertyValueSpecification\",\"valueRequired\":true,\"valueName\":\"search_term_string\"}}],\"inLanguage\":\"de\"}]}<\/script>\n<!-- \/ Yoast SEO plugin. -->","yoast_head_json":{"title":"Forl\u00ec - Ultra Limited","robots":{"index":"index","follow":"follow","max-snippet":"max-snippet:-1","max-image-preview":"max-image-preview:large","max-video-preview":"max-video-preview:-1"},"canonical":"https:\/\/ultralimited.it\/de\/damen\/forli\/","og_locale":"de_DE","og_type":"article","og_title":"Forl\u00ec - Ultra Limited","og_description":"Die Brillen Forl\u00ec von Ultra Limited sind eine Symphonie der Farben und Linien, die zu einem einzigartigen Accessoire verschmelzen und jedem Look eine ganz besondere Note verleihen. Das extrem ansprechende Design der Brillen besticht mit einer Kombination aus kr\u00e4ftigen Farben, die einen \u00fcberraschenden und dynamischen visuellen Effekt schaffen. Das stabile Gestell und die Aufmerksamkeit f\u00fcr ...","og_url":"https:\/\/ultralimited.it\/de\/damen\/forli\/","og_site_name":"Ultra Limited","article_modified_time":"2024-07-09T14:51:40+00:00","og_image":[{"width":1600,"height":1059,"url":"https:\/\/ultralimited.it\/wp-content\/uploads\/2023\/03\/FORLI-FRONTALE.jpg","type":"image\/jpeg"}],"twitter_card":"summary_large_image","twitter_misc":{"Gesch\u00e4tzte Lesezeit":"1\u00a0Minute"},"schema":{"@context":"https:\/\/schema.org","@graph":[{"@type":"WebPage","@id":"https:\/\/ultralimited.it\/de\/damen\/forli\/","url":"https:\/\/ultralimited.it\/de\/damen\/forli\/","name":"Forl\u00ec - Ultra Limited","isPartOf":{"@id":"https:\/\/ultralimited.it\/en\/#website"},"primaryImageOfPage":{"@id":"https:\/\/ultralimited.it\/de\/damen\/forli\/#primaryimage"},"image":{"@id":"https:\/\/ultralimited.it\/de\/damen\/forli\/#primaryimage"},"thumbnailUrl":"https:\/\/ultralimited.it\/wp-content\/uploads\/2023\/03\/FORLI-FRONTALE.jpg","datePublished":"2023-03-21T15:02:09+00:00","dateModified":"2024-07-09T14:51:40+00:00","breadcrumb":{"@id":"https:\/\/ultralimited.it\/de\/damen\/forli\/#breadcrumb"},"inLanguage":"de","potentialAction":[{"@type":"ReadAction","target":["https:\/\/ultralimited.it\/de\/damen\/forli\/"]}]},{"@type":"ImageObject","inLanguage":"de","@id":"https:\/\/ultralimited.it\/de\/damen\/forli\/#primaryimage","url":"https:\/\/ultralimited.it\/wp-content\/uploads\/2023\/03\/FORLI-FRONTALE.jpg","contentUrl":"https:\/\/ultralimited.it\/wp-content\/uploads\/2023\/03\/FORLI-FRONTALE.jpg","width":1600,"height":1059},{"@type":"BreadcrumbList","@id":"https:\/\/ultralimited.it\/de\/damen\/forli\/#breadcrumb","itemListElement":[{"@type":"ListItem","position":1,"name":"Home","item":"https:\/\/ultralimited.it\/de\/"},{"@type":"ListItem","position":2,"name":"Forl\u00ec"}]},{"@type":"WebSite","@id":"https:\/\/ultralimited.it\/en\/#website","url":"https:\/\/ultralimited.it\/en\/","name":"Ultra Limited","description":"","potentialAction":[{"@type":"SearchAction","target":{"@type":"EntryPoint","urlTemplate":"https:\/\/ultralimited.it\/en\/?s={search_term_string}"},"query-input":{"@type":"PropertyValueSpecification","valueRequired":true,"valueName":"search_term_string"}}],"inLanguage":"de"}]}},"_links":{"self":[{"href":"https:\/\/ultralimited.it\/de\/wp-json\/wp\/v2\/product\/24014","targetHints":{"allow":["GET"]}}],"collection":[{"href":"https:\/\/ultralimited.it\/de\/wp-json\/wp\/v2\/product"}],"about":[{"href":"https:\/\/ultralimited.it\/de\/wp-json\/wp\/v2\/types\/product"}],"wp:featuredmedia":[{"embeddable":true,"href":"https:\/\/ultralimited.it\/de\/wp-json\/wp\/v2\/media\/19215"}],"wp:attachment":[{"href":"https:\/\/ultralimited.it\/de\/wp-json\/wp\/v2\/media?parent=24014"}],"wp:term":[{"taxonomy":"product_brand","embeddable":true,"href":"https:\/\/ultralimited.it\/de\/wp-json\/wp\/v2\/product_brand?post=24014"},{"taxonomy":"product_cat","embeddable":true,"href":"https:\/\/ultralimited.it\/de\/wp-json\/wp\/v2\/product_cat?post=24014"}],"curies":[{"name":"wp","href":"https:\/\/api.w.org\/{rel}","templated":true}]}}